{"id":46,"date":"2021-04-08T10:41:29","date_gmt":"2021-04-08T14:41:29","guid":{"rendered":"http:\/\/sitios.ucsc.cl\/ogd\/?page_id=46"},"modified":"2021-04-08T10:41:29","modified_gmt":"2021-04-08T14:41:29","slug":"unidad-de-gestion-de-riesgo-de-desastres","status":"publish","type":"page","link":"https:\/\/sitios.ucsc.cl\/ogd\/unidad-de-gestion-de-riesgo-de-desastres\/","title":{"rendered":"Unidad de Gesti\u00f3n de Riesgo de Desastres"},"content":{"rendered":"<p>Esta unidad analiza los riesgos asociados a las amenazas y vulnerabilidades para ofrecer una planificaci\u00f3n y gesti\u00f3n de recursos para disminuir la vulnerabilidad de la sociedad frente a los riesgos presentes en la zona geogr\u00e1fica analizada. La l\u00edder de la Unidad de Gesti\u00f3n de Riesgo de Desastres es <a href=\"https:\/\/ingenieria.ucsc.cl\/persona\/maria-teresa-bull-torres\/\"><strong>Maria T. Bull<\/strong><\/a>, acad\u00e9mica del Departamento de Ingenier\u00eda Industrial.<\/p>\n","protected":false},"excerpt":{"rendered":"<p>Esta unidad analiza los riesgos asociados a las amenazas y vulnerabilidades para ofrecer una planificaci\u00f3n y gesti\u00f3n de recursos para disminuir la vulnerabilidad de la sociedad frente a los riesgos presentes en la zona geogr\u00e1fica analizada. La l\u00edder de la Unidad de Gesti\u00f3n de Riesgo de Desastres es Maria T. Bull, acad\u00e9mica del Departamento de [&hellip;]<\/p>\n","protected":false},"author":3,"featured_media":0,"parent":0,"menu_order":0,"comment_status":"closed","ping_status":"closed","template":"","meta":[],"yoast_head":"<!-- This site is optimized with the Yoast SEO plugin v18.9 - https:\/\/yoast.com\/wordpress\/plugins\/seo\/ -->\n<title>Unidad de Gesti\u00f3n de Riesgo de Desastres - Observatorio de Gesti\u00f3n en Desastres<\/title>\n<meta name=\"robots\" content=\"index, follow, max-snippet:-1, max-image-preview:large, max-video-preview:-1\" \/>\n<link rel=\"canonical\" href=\"https:\/\/sitios.ucsc.cl\/ogd\/unidad-de-gestion-de-riesgo-de-desastres\/\" \/>\n<meta property=\"og:locale\" content=\"es_ES\" \/>\n<meta property=\"og:type\" content=\"article\" \/>\n<meta property=\"og:title\" content=\"Unidad de Gesti\u00f3n de Riesgo de Desastres - Observatorio de Gesti\u00f3n en Desastres\" \/>\n<meta property=\"og:description\" content=\"Esta unidad analiza los riesgos asociados a las amenazas y vulnerabilidades para ofrecer una planificaci\u00f3n y gesti\u00f3n de recursos para disminuir la vulnerabilidad de la sociedad frente a los riesgos presentes en la zona geogr\u00e1fica analizada. La l\u00edder de la Unidad de Gesti\u00f3n de Riesgo de Desastres es Maria T. Bull, acad\u00e9mica del Departamento de [&hellip;]\" \/>\n<meta property=\"og:url\" content=\"https:\/\/sitios.ucsc.cl\/ogd\/unidad-de-gestion-de-riesgo-de-desastres\/\" \/>\n<meta property=\"og:site_name\" content=\"Observatorio de Gesti\u00f3n en Desastres\" \/>\n<meta name=\"twitter:card\" content=\"summary\" \/>\n<script type=\"application\/ld+json\" class=\"yoast-schema-graph\">{\"@context\":\"https:\/\/schema.org\",\"@graph\":[{\"@type\":\"WebSite\",\"@id\":\"https:\/\/sitios.ucsc.cl\/ogd\/#website\",\"url\":\"https:\/\/sitios.ucsc.cl\/ogd\/\",\"name\":\"Observatorio de Gesti\u00f3n en Desastres\",\"description\":\"Observatorio de Gesti\u00f3n en Desastres\",\"potentialAction\":[{\"@type\":\"SearchAction\",\"target\":{\"@type\":\"EntryPoint\",\"urlTemplate\":\"https:\/\/sitios.ucsc.cl\/ogd\/?s={search_term_string}\"},\"query-input\":\"required name=search_term_string\"}],\"inLanguage\":\"es\"},{\"@type\":\"WebPage\",\"@id\":\"https:\/\/sitios.ucsc.cl\/ogd\/unidad-de-gestion-de-riesgo-de-desastres\/#webpage\",\"url\":\"https:\/\/sitios.ucsc.cl\/ogd\/unidad-de-gestion-de-riesgo-de-desastres\/\",\"name\":\"Unidad de Gesti\u00f3n de Riesgo de Desastres - Observatorio de Gesti\u00f3n en Desastres\",\"isPartOf\":{\"@id\":\"https:\/\/sitios.ucsc.cl\/ogd\/#website\"},\"datePublished\":\"2021-04-08T14:41:29+00:00\",\"dateModified\":\"2021-04-08T14:41:29+00:00\",\"breadcrumb\":{\"@id\":\"https:\/\/sitios.ucsc.cl\/ogd\/unidad-de-gestion-de-riesgo-de-desastres\/#breadcrumb\"},\"inLanguage\":\"es\",\"potentialAction\":[{\"@type\":\"ReadAction\",\"target\":[\"https:\/\/sitios.ucsc.cl\/ogd\/unidad-de-gestion-de-riesgo-de-desastres\/\"]}]},{\"@type\":\"BreadcrumbList\",\"@id\":\"https:\/\/sitios.ucsc.cl\/ogd\/unidad-de-gestion-de-riesgo-de-desastres\/#breadcrumb\",\"itemListElement\":[{\"@type\":\"ListItem\",\"position\":1,\"name\":\"Inicio\",\"item\":\"https:\/\/sitios.ucsc.cl\/ogd\/\"},{\"@type\":\"ListItem\",\"position\":2,\"name\":\"Unidad de Gesti\u00f3n de Riesgo de Desastres\"}]}]}<\/script>\n<!-- \/ Yoast SEO plugin. -->","yoast_head_json":{"title":"Unidad de Gesti\u00f3n de Riesgo de Desastres - Observatorio de Gesti\u00f3n en Desastres","robots":{"index":"index","follow":"follow","max-snippet":"max-snippet:-1","max-image-preview":"max-image-preview:large","max-video-preview":"max-video-preview:-1"},"canonical":"https:\/\/sitios.ucsc.cl\/ogd\/unidad-de-gestion-de-riesgo-de-desastres\/","og_locale":"es_ES","og_type":"article","og_title":"Unidad de Gesti\u00f3n de Riesgo de Desastres - Observatorio de Gesti\u00f3n en Desastres","og_description":"Esta unidad analiza los riesgos asociados a las amenazas y vulnerabilidades para ofrecer una planificaci\u00f3n y gesti\u00f3n de recursos para disminuir la vulnerabilidad de la sociedad frente a los riesgos presentes en la zona geogr\u00e1fica analizada. La l\u00edder de la Unidad de Gesti\u00f3n de Riesgo de Desastres es Maria T. Bull, acad\u00e9mica del Departamento de [&hellip;]","og_url":"https:\/\/sitios.ucsc.cl\/ogd\/unidad-de-gestion-de-riesgo-de-desastres\/","og_site_name":"Observatorio de Gesti\u00f3n en Desastres","twitter_card":"summary","schema":{"@context":"https:\/\/schema.org","@graph":[{"@type":"WebSite","@id":"https:\/\/sitios.ucsc.cl\/ogd\/#website","url":"https:\/\/sitios.ucsc.cl\/ogd\/","name":"Observatorio de Gesti\u00f3n en Desastres","description":"Observatorio de Gesti\u00f3n en Desastres","potentialAction":[{"@type":"SearchAction","target":{"@type":"EntryPoint","urlTemplate":"https:\/\/sitios.ucsc.cl\/ogd\/?s={search_term_string}"},"query-input":"required name=search_term_string"}],"inLanguage":"es"},{"@type":"WebPage","@id":"https:\/\/sitios.ucsc.cl\/ogd\/unidad-de-gestion-de-riesgo-de-desastres\/#webpage","url":"https:\/\/sitios.ucsc.cl\/ogd\/unidad-de-gestion-de-riesgo-de-desastres\/","name":"Unidad de Gesti\u00f3n de Riesgo de Desastres - Observatorio de Gesti\u00f3n en Desastres","isPartOf":{"@id":"https:\/\/sitios.ucsc.cl\/ogd\/#website"},"datePublished":"2021-04-08T14:41:29+00:00","dateModified":"2021-04-08T14:41:29+00:00","breadcrumb":{"@id":"https:\/\/sitios.ucsc.cl\/ogd\/unidad-de-gestion-de-riesgo-de-desastres\/#breadcrumb"},"inLanguage":"es","potentialAction":[{"@type":"ReadAction","target":["https:\/\/sitios.ucsc.cl\/ogd\/unidad-de-gestion-de-riesgo-de-desastres\/"]}]},{"@type":"BreadcrumbList","@id":"https:\/\/sitios.ucsc.cl\/ogd\/unidad-de-gestion-de-riesgo-de-desastres\/#breadcrumb","itemListElement":[{"@type":"ListItem","position":1,"name":"Inicio","item":"https:\/\/sitios.ucsc.cl\/ogd\/"},{"@type":"ListItem","position":2,"name":"Unidad de Gesti\u00f3n de Riesgo de Desastres"}]}]}},"_links":{"self":[{"href":"https:\/\/sitios.ucsc.cl\/ogd\/wp-json\/wp\/v2\/pages\/46"}],"collection":[{"href":"https:\/\/sitios.ucsc.cl\/ogd\/wp-json\/wp\/v2\/pages"}],"about":[{"href":"https:\/\/sitios.ucsc.cl\/ogd\/wp-json\/wp\/v2\/types\/page"}],"author":[{"embeddable":true,"href":"https:\/\/sitios.ucsc.cl\/ogd\/wp-json\/wp\/v2\/users\/3"}],"replies":[{"embeddable":true,"href":"https:\/\/sitios.ucsc.cl\/ogd\/wp-json\/wp\/v2\/comments?post=46"}],"version-history":[{"count":1,"href":"https:\/\/sitios.ucsc.cl\/ogd\/wp-json\/wp\/v2\/pages\/46\/revisions"}],"predecessor-version":[{"id":47,"href":"https:\/\/sitios.ucsc.cl\/ogd\/wp-json\/wp\/v2\/pages\/46\/revisions\/47"}],"wp:attachment":[{"href":"https:\/\/sitios.ucsc.cl\/ogd\/wp-json\/wp\/v2\/media?parent=46"}],"curies":[{"name":"wp","href":"https:\/\/api.w.org\/{rel}","templated":true}]}}