{"id":44,"date":"2021-04-08T10:40:54","date_gmt":"2021-04-08T14:40:54","guid":{"rendered":"http:\/\/sitios.ucsc.cl\/ogd\/?page_id=44"},"modified":"2021-04-08T10:40:54","modified_gmt":"2021-04-08T14:40:54","slug":"unidad-de-modelacion-de-amenazas-naturales","status":"publish","type":"page","link":"https:\/\/sitios.ucsc.cl\/ogd\/unidad-de-modelacion-de-amenazas-naturales\/","title":{"rendered":"Unidad de Modelaci\u00f3n de Amenazas Naturales"},"content":{"rendered":"<p>Esta Unidad est\u00e1 orientada a la modelaci\u00f3n y an\u00e1lisis de las amenazas naturales y sus impactos en el territorio. Actualmente el trabajo se encuentra centrado en las amenazas hidrol\u00f3gicas y geol\u00f3gicas. Los l\u00edderes de la Unidad de Modelaci\u00f3n de Amenazas Naturales son <a href=\"https:\/\/ingenieria.ucsc.cl\/persona\/diego-caamano-avendano\/\"><strong>Diego Caama\u00f1o<\/strong><\/a> para la modelaci\u00f3n de amenazas hidrol\u00f3gicas, y \u00a0<a href=\"https:\/\/ingenieria.ucsc.cl\/persona\/robert-king\/\"><strong>Robert King<\/strong> <\/a>para la modelaci\u00f3n de amenazas geol\u00f3gicas, ambos acad\u00e9micos del Departamento de Ingenier\u00eda Civil.<\/p>\n","protected":false},"excerpt":{"rendered":"<p>Esta Unidad est\u00e1 orientada a la modelaci\u00f3n y an\u00e1lisis de las amenazas naturales y sus impactos en el territorio. Actualmente el trabajo se encuentra centrado en las amenazas hidrol\u00f3gicas y geol\u00f3gicas. Los l\u00edderes de la Unidad de Modelaci\u00f3n de Amenazas Naturales son Diego Caama\u00f1o para la modelaci\u00f3n de amenazas hidrol\u00f3gicas, y \u00a0Robert King para la [&hellip;]<\/p>\n","protected":false},"author":3,"featured_media":0,"parent":0,"menu_order":0,"comment_status":"closed","ping_status":"closed","template":"","meta":[],"yoast_head":"<!-- This site is optimized with the Yoast SEO plugin v18.9 - https:\/\/yoast.com\/wordpress\/plugins\/seo\/ -->\n<title>Unidad de Modelaci\u00f3n de Amenazas Naturales - Observatorio de Gesti\u00f3n en Desastres<\/title>\n<meta name=\"robots\" content=\"index, follow, max-snippet:-1, max-image-preview:large, max-video-preview:-1\" \/>\n<link rel=\"canonical\" href=\"https:\/\/sitios.ucsc.cl\/ogd\/unidad-de-modelacion-de-amenazas-naturales\/\" \/>\n<meta property=\"og:locale\" content=\"es_ES\" \/>\n<meta property=\"og:type\" content=\"article\" \/>\n<meta property=\"og:title\" content=\"Unidad de Modelaci\u00f3n de Amenazas Naturales - Observatorio de Gesti\u00f3n en Desastres\" \/>\n<meta property=\"og:description\" content=\"Esta Unidad est\u00e1 orientada a la modelaci\u00f3n y an\u00e1lisis de las amenazas naturales y sus impactos en el territorio. Actualmente el trabajo se encuentra centrado en las amenazas hidrol\u00f3gicas y geol\u00f3gicas. Los l\u00edderes de la Unidad de Modelaci\u00f3n de Amenazas Naturales son Diego Caama\u00f1o para la modelaci\u00f3n de amenazas hidrol\u00f3gicas, y \u00a0Robert King para la [&hellip;]\" \/>\n<meta property=\"og:url\" content=\"https:\/\/sitios.ucsc.cl\/ogd\/unidad-de-modelacion-de-amenazas-naturales\/\" \/>\n<meta property=\"og:site_name\" content=\"Observatorio de Gesti\u00f3n en Desastres\" \/>\n<meta name=\"twitter:card\" content=\"summary\" \/>\n<script type=\"application\/ld+json\" class=\"yoast-schema-graph\">{\"@context\":\"https:\/\/schema.org\",\"@graph\":[{\"@type\":\"WebSite\",\"@id\":\"https:\/\/sitios.ucsc.cl\/ogd\/#website\",\"url\":\"https:\/\/sitios.ucsc.cl\/ogd\/\",\"name\":\"Observatorio de Gesti\u00f3n en Desastres\",\"description\":\"Observatorio de Gesti\u00f3n en Desastres\",\"potentialAction\":[{\"@type\":\"SearchAction\",\"target\":{\"@type\":\"EntryPoint\",\"urlTemplate\":\"https:\/\/sitios.ucsc.cl\/ogd\/?s={search_term_string}\"},\"query-input\":\"required name=search_term_string\"}],\"inLanguage\":\"es\"},{\"@type\":\"WebPage\",\"@id\":\"https:\/\/sitios.ucsc.cl\/ogd\/unidad-de-modelacion-de-amenazas-naturales\/#webpage\",\"url\":\"https:\/\/sitios.ucsc.cl\/ogd\/unidad-de-modelacion-de-amenazas-naturales\/\",\"name\":\"Unidad de Modelaci\u00f3n de Amenazas Naturales - Observatorio de Gesti\u00f3n en Desastres\",\"isPartOf\":{\"@id\":\"https:\/\/sitios.ucsc.cl\/ogd\/#website\"},\"datePublished\":\"2021-04-08T14:40:54+00:00\",\"dateModified\":\"2021-04-08T14:40:54+00:00\",\"breadcrumb\":{\"@id\":\"https:\/\/sitios.ucsc.cl\/ogd\/unidad-de-modelacion-de-amenazas-naturales\/#breadcrumb\"},\"inLanguage\":\"es\",\"potentialAction\":[{\"@type\":\"ReadAction\",\"target\":[\"https:\/\/sitios.ucsc.cl\/ogd\/unidad-de-modelacion-de-amenazas-naturales\/\"]}]},{\"@type\":\"BreadcrumbList\",\"@id\":\"https:\/\/sitios.ucsc.cl\/ogd\/unidad-de-modelacion-de-amenazas-naturales\/#breadcrumb\",\"itemListElement\":[{\"@type\":\"ListItem\",\"position\":1,\"name\":\"Inicio\",\"item\":\"https:\/\/sitios.ucsc.cl\/ogd\/\"},{\"@type\":\"ListItem\",\"position\":2,\"name\":\"Unidad de Modelaci\u00f3n de Amenazas Naturales\"}]}]}<\/script>\n<!-- \/ Yoast SEO plugin. -->","yoast_head_json":{"title":"Unidad de Modelaci\u00f3n de Amenazas Naturales - Observatorio de Gesti\u00f3n en Desastres","robots":{"index":"index","follow":"follow","max-snippet":"max-snippet:-1","max-image-preview":"max-image-preview:large","max-video-preview":"max-video-preview:-1"},"canonical":"https:\/\/sitios.ucsc.cl\/ogd\/unidad-de-modelacion-de-amenazas-naturales\/","og_locale":"es_ES","og_type":"article","og_title":"Unidad de Modelaci\u00f3n de Amenazas Naturales - Observatorio de Gesti\u00f3n en Desastres","og_description":"Esta Unidad est\u00e1 orientada a la modelaci\u00f3n y an\u00e1lisis de las amenazas naturales y sus impactos en el territorio. Actualmente el trabajo se encuentra centrado en las amenazas hidrol\u00f3gicas y geol\u00f3gicas. Los l\u00edderes de la Unidad de Modelaci\u00f3n de Amenazas Naturales son Diego Caama\u00f1o para la modelaci\u00f3n de amenazas hidrol\u00f3gicas, y \u00a0Robert King para la [&hellip;]","og_url":"https:\/\/sitios.ucsc.cl\/ogd\/unidad-de-modelacion-de-amenazas-naturales\/","og_site_name":"Observatorio de Gesti\u00f3n en Desastres","twitter_card":"summary","schema":{"@context":"https:\/\/schema.org","@graph":[{"@type":"WebSite","@id":"https:\/\/sitios.ucsc.cl\/ogd\/#website","url":"https:\/\/sitios.ucsc.cl\/ogd\/","name":"Observatorio de Gesti\u00f3n en Desastres","description":"Observatorio de Gesti\u00f3n en Desastres","potentialAction":[{"@type":"SearchAction","target":{"@type":"EntryPoint","urlTemplate":"https:\/\/sitios.ucsc.cl\/ogd\/?s={search_term_string}"},"query-input":"required name=search_term_string"}],"inLanguage":"es"},{"@type":"WebPage","@id":"https:\/\/sitios.ucsc.cl\/ogd\/unidad-de-modelacion-de-amenazas-naturales\/#webpage","url":"https:\/\/sitios.ucsc.cl\/ogd\/unidad-de-modelacion-de-amenazas-naturales\/","name":"Unidad de Modelaci\u00f3n de Amenazas Naturales - Observatorio de Gesti\u00f3n en Desastres","isPartOf":{"@id":"https:\/\/sitios.ucsc.cl\/ogd\/#website"},"datePublished":"2021-04-08T14:40:54+00:00","dateModified":"2021-04-08T14:40:54+00:00","breadcrumb":{"@id":"https:\/\/sitios.ucsc.cl\/ogd\/unidad-de-modelacion-de-amenazas-naturales\/#breadcrumb"},"inLanguage":"es","potentialAction":[{"@type":"ReadAction","target":["https:\/\/sitios.ucsc.cl\/ogd\/unidad-de-modelacion-de-amenazas-naturales\/"]}]},{"@type":"BreadcrumbList","@id":"https:\/\/sitios.ucsc.cl\/ogd\/unidad-de-modelacion-de-amenazas-naturales\/#breadcrumb","itemListElement":[{"@type":"ListItem","position":1,"name":"Inicio","item":"https:\/\/sitios.ucsc.cl\/ogd\/"},{"@type":"ListItem","position":2,"name":"Unidad de Modelaci\u00f3n de Amenazas Naturales"}]}]}},"_links":{"self":[{"href":"https:\/\/sitios.ucsc.cl\/ogd\/wp-json\/wp\/v2\/pages\/44"}],"collection":[{"href":"https:\/\/sitios.ucsc.cl\/ogd\/wp-json\/wp\/v2\/pages"}],"about":[{"href":"https:\/\/sitios.ucsc.cl\/ogd\/wp-json\/wp\/v2\/types\/page"}],"author":[{"embeddable":true,"href":"https:\/\/sitios.ucsc.cl\/ogd\/wp-json\/wp\/v2\/users\/3"}],"replies":[{"embeddable":true,"href":"https:\/\/sitios.ucsc.cl\/ogd\/wp-json\/wp\/v2\/comments?post=44"}],"version-history":[{"count":1,"href":"https:\/\/sitios.ucsc.cl\/ogd\/wp-json\/wp\/v2\/pages\/44\/revisions"}],"predecessor-version":[{"id":45,"href":"https:\/\/sitios.ucsc.cl\/ogd\/wp-json\/wp\/v2\/pages\/44\/revisions\/45"}],"wp:attachment":[{"href":"https:\/\/sitios.ucsc.cl\/ogd\/wp-json\/wp\/v2\/media?parent=44"}],"curies":[{"name":"wp","href":"https:\/\/api.w.org\/{rel}","templated":true}]}}