{"id":42,"date":"2021-04-08T10:40:03","date_gmt":"2021-04-08T14:40:03","guid":{"rendered":"http:\/\/sitios.ucsc.cl\/ogd\/?page_id=42"},"modified":"2021-04-08T10:40:03","modified_gmt":"2021-04-08T14:40:03","slug":"unidad-de-analisis-de-vulnerabilidad","status":"publish","type":"page","link":"https:\/\/sitios.ucsc.cl\/ogd\/unidad-de-analisis-de-vulnerabilidad\/","title":{"rendered":"Unidad de An\u00e1lisis de Vulnerabilidad"},"content":{"rendered":"<p>Esta unidad, actualmente, est\u00e1 focalizada en el an\u00e1lisis de la vulnerabilidad f\u00edsica, principalmente viviendas, edificios hist\u00f3ricos e infraestructura cr\u00edtica. El l\u00edder de la Unidad de An\u00e1lisis de Vulnerabilidad es <a href=\"https:\/\/ingenieria.ucsc.cl\/persona\/claudio-oyarzo-vera\"><strong>Claudio Oyarzo<\/strong><\/a>, acad\u00e9mico del Departamento de Ingenier\u00eda Civil.<\/p>\n","protected":false},"excerpt":{"rendered":"<p>Esta unidad, actualmente, est\u00e1 focalizada en el an\u00e1lisis de la vulnerabilidad f\u00edsica, principalmente viviendas, edificios hist\u00f3ricos e infraestructura cr\u00edtica. El l\u00edder de la Unidad de An\u00e1lisis de Vulnerabilidad es Claudio Oyarzo, acad\u00e9mico del Departamento de Ingenier\u00eda Civil.<\/p>\n","protected":false},"author":3,"featured_media":0,"parent":0,"menu_order":0,"comment_status":"closed","ping_status":"closed","template":"","meta":[],"yoast_head":"<!-- This site is optimized with the Yoast SEO plugin v18.9 - https:\/\/yoast.com\/wordpress\/plugins\/seo\/ -->\n<title>Unidad de An\u00e1lisis de Vulnerabilidad - Observatorio de Gesti\u00f3n en Desastres<\/title>\n<meta name=\"robots\" content=\"index, follow, max-snippet:-1, max-image-preview:large, max-video-preview:-1\" \/>\n<link rel=\"canonical\" href=\"https:\/\/sitios.ucsc.cl\/ogd\/unidad-de-analisis-de-vulnerabilidad\/\" \/>\n<meta property=\"og:locale\" content=\"es_ES\" \/>\n<meta property=\"og:type\" content=\"article\" \/>\n<meta property=\"og:title\" content=\"Unidad de An\u00e1lisis de Vulnerabilidad - Observatorio de Gesti\u00f3n en Desastres\" \/>\n<meta property=\"og:description\" content=\"Esta unidad, actualmente, est\u00e1 focalizada en el an\u00e1lisis de la vulnerabilidad f\u00edsica, principalmente viviendas, edificios hist\u00f3ricos e infraestructura cr\u00edtica. El l\u00edder de la Unidad de An\u00e1lisis de Vulnerabilidad es Claudio Oyarzo, acad\u00e9mico del Departamento de Ingenier\u00eda Civil.\" \/>\n<meta property=\"og:url\" content=\"https:\/\/sitios.ucsc.cl\/ogd\/unidad-de-analisis-de-vulnerabilidad\/\" \/>\n<meta property=\"og:site_name\" content=\"Observatorio de Gesti\u00f3n en Desastres\" \/>\n<meta name=\"twitter:card\" content=\"summary\" \/>\n<script type=\"application\/ld+json\" class=\"yoast-schema-graph\">{\"@context\":\"https:\/\/schema.org\",\"@graph\":[{\"@type\":\"WebSite\",\"@id\":\"https:\/\/sitios.ucsc.cl\/ogd\/#website\",\"url\":\"https:\/\/sitios.ucsc.cl\/ogd\/\",\"name\":\"Observatorio de Gesti\u00f3n en Desastres\",\"description\":\"Observatorio de Gesti\u00f3n en Desastres\",\"potentialAction\":[{\"@type\":\"SearchAction\",\"target\":{\"@type\":\"EntryPoint\",\"urlTemplate\":\"https:\/\/sitios.ucsc.cl\/ogd\/?s={search_term_string}\"},\"query-input\":\"required name=search_term_string\"}],\"inLanguage\":\"es\"},{\"@type\":\"WebPage\",\"@id\":\"https:\/\/sitios.ucsc.cl\/ogd\/unidad-de-analisis-de-vulnerabilidad\/#webpage\",\"url\":\"https:\/\/sitios.ucsc.cl\/ogd\/unidad-de-analisis-de-vulnerabilidad\/\",\"name\":\"Unidad de An\u00e1lisis de Vulnerabilidad - Observatorio de Gesti\u00f3n en Desastres\",\"isPartOf\":{\"@id\":\"https:\/\/sitios.ucsc.cl\/ogd\/#website\"},\"datePublished\":\"2021-04-08T14:40:03+00:00\",\"dateModified\":\"2021-04-08T14:40:03+00:00\",\"breadcrumb\":{\"@id\":\"https:\/\/sitios.ucsc.cl\/ogd\/unidad-de-analisis-de-vulnerabilidad\/#breadcrumb\"},\"inLanguage\":\"es\",\"potentialAction\":[{\"@type\":\"ReadAction\",\"target\":[\"https:\/\/sitios.ucsc.cl\/ogd\/unidad-de-analisis-de-vulnerabilidad\/\"]}]},{\"@type\":\"BreadcrumbList\",\"@id\":\"https:\/\/sitios.ucsc.cl\/ogd\/unidad-de-analisis-de-vulnerabilidad\/#breadcrumb\",\"itemListElement\":[{\"@type\":\"ListItem\",\"position\":1,\"name\":\"Inicio\",\"item\":\"https:\/\/sitios.ucsc.cl\/ogd\/\"},{\"@type\":\"ListItem\",\"position\":2,\"name\":\"Unidad de An\u00e1lisis de Vulnerabilidad\"}]}]}<\/script>\n<!-- \/ Yoast SEO plugin. -->","yoast_head_json":{"title":"Unidad de An\u00e1lisis de Vulnerabilidad - Observatorio de Gesti\u00f3n en Desastres","robots":{"index":"index","follow":"follow","max-snippet":"max-snippet:-1","max-image-preview":"max-image-preview:large","max-video-preview":"max-video-preview:-1"},"canonical":"https:\/\/sitios.ucsc.cl\/ogd\/unidad-de-analisis-de-vulnerabilidad\/","og_locale":"es_ES","og_type":"article","og_title":"Unidad de An\u00e1lisis de Vulnerabilidad - Observatorio de Gesti\u00f3n en Desastres","og_description":"Esta unidad, actualmente, est\u00e1 focalizada en el an\u00e1lisis de la vulnerabilidad f\u00edsica, principalmente viviendas, edificios hist\u00f3ricos e infraestructura cr\u00edtica. El l\u00edder de la Unidad de An\u00e1lisis de Vulnerabilidad es Claudio Oyarzo, acad\u00e9mico del Departamento de Ingenier\u00eda Civil.","og_url":"https:\/\/sitios.ucsc.cl\/ogd\/unidad-de-analisis-de-vulnerabilidad\/","og_site_name":"Observatorio de Gesti\u00f3n en Desastres","twitter_card":"summary","schema":{"@context":"https:\/\/schema.org","@graph":[{"@type":"WebSite","@id":"https:\/\/sitios.ucsc.cl\/ogd\/#website","url":"https:\/\/sitios.ucsc.cl\/ogd\/","name":"Observatorio de Gesti\u00f3n en Desastres","description":"Observatorio de Gesti\u00f3n en Desastres","potentialAction":[{"@type":"SearchAction","target":{"@type":"EntryPoint","urlTemplate":"https:\/\/sitios.ucsc.cl\/ogd\/?s={search_term_string}"},"query-input":"required name=search_term_string"}],"inLanguage":"es"},{"@type":"WebPage","@id":"https:\/\/sitios.ucsc.cl\/ogd\/unidad-de-analisis-de-vulnerabilidad\/#webpage","url":"https:\/\/sitios.ucsc.cl\/ogd\/unidad-de-analisis-de-vulnerabilidad\/","name":"Unidad de An\u00e1lisis de Vulnerabilidad - Observatorio de Gesti\u00f3n en Desastres","isPartOf":{"@id":"https:\/\/sitios.ucsc.cl\/ogd\/#website"},"datePublished":"2021-04-08T14:40:03+00:00","dateModified":"2021-04-08T14:40:03+00:00","breadcrumb":{"@id":"https:\/\/sitios.ucsc.cl\/ogd\/unidad-de-analisis-de-vulnerabilidad\/#breadcrumb"},"inLanguage":"es","potentialAction":[{"@type":"ReadAction","target":["https:\/\/sitios.ucsc.cl\/ogd\/unidad-de-analisis-de-vulnerabilidad\/"]}]},{"@type":"BreadcrumbList","@id":"https:\/\/sitios.ucsc.cl\/ogd\/unidad-de-analisis-de-vulnerabilidad\/#breadcrumb","itemListElement":[{"@type":"ListItem","position":1,"name":"Inicio","item":"https:\/\/sitios.ucsc.cl\/ogd\/"},{"@type":"ListItem","position":2,"name":"Unidad de An\u00e1lisis de Vulnerabilidad"}]}]}},"_links":{"self":[{"href":"https:\/\/sitios.ucsc.cl\/ogd\/wp-json\/wp\/v2\/pages\/42"}],"collection":[{"href":"https:\/\/sitios.ucsc.cl\/ogd\/wp-json\/wp\/v2\/pages"}],"about":[{"href":"https:\/\/sitios.ucsc.cl\/ogd\/wp-json\/wp\/v2\/types\/page"}],"author":[{"embeddable":true,"href":"https:\/\/sitios.ucsc.cl\/ogd\/wp-json\/wp\/v2\/users\/3"}],"replies":[{"embeddable":true,"href":"https:\/\/sitios.ucsc.cl\/ogd\/wp-json\/wp\/v2\/comments?post=42"}],"version-history":[{"count":1,"href":"https:\/\/sitios.ucsc.cl\/ogd\/wp-json\/wp\/v2\/pages\/42\/revisions"}],"predecessor-version":[{"id":43,"href":"https:\/\/sitios.ucsc.cl\/ogd\/wp-json\/wp\/v2\/pages\/42\/revisions\/43"}],"wp:attachment":[{"href":"https:\/\/sitios.ucsc.cl\/ogd\/wp-json\/wp\/v2\/media?parent=42"}],"curies":[{"name":"wp","href":"https:\/\/api.w.org\/{rel}","templated":true}]}}