{"id":32,"date":"2021-04-08T10:28:24","date_gmt":"2021-04-08T14:28:24","guid":{"rendered":"http:\/\/sitios.ucsc.cl\/ogd\/?page_id=32"},"modified":"2021-04-08T10:35:17","modified_gmt":"2021-04-08T14:35:17","slug":"hitos","status":"publish","type":"page","link":"https:\/\/sitios.ucsc.cl\/ogd\/hitos\/","title":{"rendered":"Hitos"},"content":{"rendered":"<table style=\"height: 308px;\" width=\"1172\">\n<tbody>\n<tr style=\"height: 14px;\">\n<td style=\"width: 132.367px; height: 14px;\"><strong>2015<\/strong><\/td>\n<td style=\"width: 1038.72px; height: 14px;\"><strong>Creaci\u00f3n del Observatorio de Gesti\u00f3n en Desastre<\/strong><\/td>\n<\/tr>\n<tr style=\"height: 28px;\">\n<td style=\"width: 132.367px; height: 28px;\"><strong>Desde el 2015 <\/strong><\/td>\n<td style=\"width: 1038.72px; height: 28px;\">Oferta de la <strong>asignatura Desastres Naturales y Cultura de la Prevenci\u00f3n<\/strong> para las carreras de ingenier\u00eda. Profesor responsable: Claudio Oyarzo<\/td>\n<\/tr>\n<tr style=\"height: 28px;\">\n<td style=\"width: 132.367px; height: 28px;\"><strong>2015<\/strong><\/td>\n<td style=\"width: 1038.72px; height: 28px;\"><strong>Seminario de Prevenci\u00f3n del Riesgo de Desastres: Una Tarea Pendiente<\/strong>, organizado por el Observatorio de Gesti\u00f3n de Desastres (OGD) y la Municipalidad de Talcahuano. Facultad de Ingenier\u00eda. Auditorio San Agust\u00edn. Facultad de Ingenier\u00eda, Campus San Andr\u00e9s.<\/td>\n<\/tr>\n<tr style=\"height: 28px;\">\n<td style=\"width: 132.367px; height: 28px;\"><strong>2016<\/strong><\/td>\n<td style=\"width: 1038.72px; height: 28px;\">Apoyo en la <strong>evaluaci\u00f3n del simulacro de tsunami<\/strong> en la zona costera para escuelas organizado por ONEMI Biobio.<\/td>\n<\/tr>\n<tr style=\"height: 28px;\">\n<td style=\"width: 132.367px; height: 28px;\"><strong>2017<\/strong><\/td>\n<td style=\"width: 1038.72px; height: 28px;\"><strong>Encuesta de comportamiento en gesti\u00f3n de riesgo de desastres<\/strong> en caso de tsunami, dise\u00f1ada por el Observatorio de Gesti\u00f3n de Desastres (OGD) de la Facultad de Ingenier\u00eda de la UCSC en conjunto con la estudiante de doctorado Susanne Kubisch del Instituto de Tecnolog\u00eda de Karlsruhe (KIT) de Alemania, quien es guiada por el director de Tesis, Dr. Andreas Braun. Esta encuesta fue apoyada por el Departamento de Gesti\u00f3n Integral del Riesgo de Desastres (DGIRD) de la Municipalidad de Talcahuano y los resultados se presentaron en la ceremonia de cierre anual de cooperaci\u00f3n entre esta Unidad y el OGD.<\/td>\n<\/tr>\n<tr style=\"height: 28px;\">\n<td style=\"width: 132.367px; height: 28px;\"><strong>2018<\/strong><\/td>\n<td style=\"width: 1038.72px; height: 28px;\">Lanzamiento del<strong> libro Tsunamis en la Regi\u00f3n del Biob\u00edo: Desde una mirada multidisciplinaria<\/strong>, editado por Rafael Ar\u00e1nguiz.<\/td>\n<\/tr>\n<tr style=\"height: 28px;\">\n<td style=\"width: 132.367px; height: 28px;\"><strong>2018 \u2013 2019<\/strong><\/td>\n<td style=\"width: 1038.72px; height: 28px;\">Participaci\u00f3n en el <strong>programa de gesti\u00f3n de riesgo y resiliencia del proyecto USC-1795<\/strong>: N\u00facleo Cient\u00edfico Tecnol\u00f3gico para el Desarrollo Costero Sustentable. Fondo para Educaci\u00f3n Superior Regional, MECESUP.<\/td>\n<\/tr>\n<tr style=\"height: 28px;\">\n<td style=\"width: 132.367px; height: 28px;\"><strong>2019<\/strong><\/td>\n<td style=\"width: 1038.72px; height: 28px;\">Organizaci\u00f3n del <strong>Seminario de gesti\u00f3n de riesgos: experiencia Internacional<\/strong> dictada por acad\u00e9micos del Center for Disaster Risk Policy de la Florida State University. Esta actividad estuvo dirigida a los encargados de riesgo de todas las comunas costeras de la Provincia de Concepci\u00f3n y fue realizada en conjunto con N\u00facleo Cient\u00edfico Tecnol\u00f3gico para el Desarrollo Costero Sustentable.<\/td>\n<\/tr>\n<tr style=\"height: 28px;\">\n<td style=\"width: 132.367px; height: 28px;\"><strong>2020<\/strong><\/td>\n<td style=\"width: 1038.72px; height: 28px;\">Lanzamiento del libro conmemorativo de los 10 a\u00f1os del terremoto y tsunami del 2010, titulado<strong> 27F, el desastre ocurre cuando se olvida<\/strong>. La edici\u00f3n y creaci\u00f3n del libro se realiz\u00f3 en forma conjunta con el DGIRD de la Municipalidad de Talcahuano.<\/td>\n<\/tr>\n<tr style=\"height: 28px;\">\n<td style=\"width: 132.367px; height: 28px;\"><strong>2020<\/strong><\/td>\n<td style=\"width: 1038.72px; height: 28px;\">Formalizaci\u00f3n de <strong>Mesa del Sector Acad\u00e9mico para la Gesti\u00f3n del Riesgo de Desastres<\/strong> a nivel regional liderada por ONEMI Biob\u00edo, donde se ha participado activamente como miembro representante de la UCSC.<\/td>\n<\/tr>\n<tr>\n<td style=\"width: 132.367px;\"><strong>2020<\/strong><\/td>\n<td style=\"width: 1038.72px;\">Coorganizador del <strong>Ciclo de charlas <\/strong><strong>Escenarios de Riesgos: Antes, Durante y Despu\u00e9s<\/strong>, para la Mesa del Sector Acad\u00e9mico para la Gesti\u00f3n del Riesgo de Desastres durante el mes de octubre en conmemoraci\u00f3n del D\u00eda Internacional de la Reducci\u00f3n del Riesgo de Desastre.<\/td>\n<\/tr>\n<tr>\n<td style=\"width: 132.367px;\"><strong>2020-2022<\/strong><\/td>\n<td style=\"width: 1038.72px;\">Participaci\u00f3n en el programa de gesti\u00f3n de riesgo y resiliencia del proyecto USC-2095: Contribuyendo al valor p\u00fablico de la UCSC mediante la incorporaci\u00f3n de ODS en la gesti\u00f3n instituci\u00f3n y en el territorio mediante el N\u00facleo Cient\u00edfico Tecnol\u00f3gico para el Desarrollo Costero Sustentable. Fondo para Educaci\u00f3n Superior Regional, MECESUP.<\/td>\n<\/tr>\n<\/tbody>\n<\/table>\n","protected":false},"excerpt":{"rendered":"<p>2015 Creaci\u00f3n del Observatorio de Gesti\u00f3n en Desastre Desde el 2015 Oferta de la asignatura Desastres Naturales y Cultura de la Prevenci\u00f3n para las carreras de ingenier\u00eda. Profesor responsable: Claudio Oyarzo 2015 Seminario de Prevenci\u00f3n del Riesgo de Desastres: Una Tarea Pendiente, organizado por el Observatorio de Gesti\u00f3n de Desastres (OGD) y la Municipalidad de [&hellip;]<\/p>\n","protected":false},"author":3,"featured_media":0,"parent":0,"menu_order":0,"comment_status":"closed","ping_status":"closed","template":"","meta":[],"yoast_head":"<!-- This site is optimized with the Yoast SEO plugin v18.9 - https:\/\/yoast.com\/wordpress\/plugins\/seo\/ -->\n<title>Hitos - Observatorio de Gesti\u00f3n en Desastres<\/title>\n<meta name=\"robots\" content=\"index, follow, max-snippet:-1, max-image-preview:large, max-video-preview:-1\" \/>\n<link rel=\"canonical\" href=\"https:\/\/sitios.ucsc.cl\/ogd\/hitos\/\" \/>\n<meta property=\"og:locale\" content=\"es_ES\" \/>\n<meta property=\"og:type\" content=\"article\" \/>\n<meta property=\"og:title\" content=\"Hitos - Observatorio de Gesti\u00f3n en Desastres\" \/>\n<meta property=\"og:description\" content=\"2015 Creaci\u00f3n del Observatorio de Gesti\u00f3n en Desastre Desde el 2015 Oferta de la asignatura Desastres Naturales y Cultura de la Prevenci\u00f3n para las carreras de ingenier\u00eda. Profesor responsable: Claudio Oyarzo 2015 Seminario de Prevenci\u00f3n del Riesgo de Desastres: Una Tarea Pendiente, organizado por el Observatorio de Gesti\u00f3n de Desastres (OGD) y la Municipalidad de [&hellip;]\" \/>\n<meta property=\"og:url\" content=\"https:\/\/sitios.ucsc.cl\/ogd\/hitos\/\" \/>\n<meta property=\"og:site_name\" content=\"Observatorio de Gesti\u00f3n en Desastres\" \/>\n<meta property=\"article:modified_time\" content=\"2021-04-08T14:35:17+00:00\" \/>\n<meta name=\"twitter:card\" content=\"summary\" \/>\n<meta name=\"twitter:label1\" content=\"Tiempo de lectura\" \/>\n\t<meta name=\"twitter:data1\" content=\"3 minutos\" \/>\n<script type=\"application\/ld+json\" class=\"yoast-schema-graph\">{\"@context\":\"https:\/\/schema.org\",\"@graph\":[{\"@type\":\"WebSite\",\"@id\":\"https:\/\/sitios.ucsc.cl\/ogd\/#website\",\"url\":\"https:\/\/sitios.ucsc.cl\/ogd\/\",\"name\":\"Observatorio de Gesti\u00f3n en Desastres\",\"description\":\"Observatorio de Gesti\u00f3n en Desastres\",\"potentialAction\":[{\"@type\":\"SearchAction\",\"target\":{\"@type\":\"EntryPoint\",\"urlTemplate\":\"https:\/\/sitios.ucsc.cl\/ogd\/?s={search_term_string}\"},\"query-input\":\"required name=search_term_string\"}],\"inLanguage\":\"es\"},{\"@type\":\"WebPage\",\"@id\":\"https:\/\/sitios.ucsc.cl\/ogd\/hitos\/#webpage\",\"url\":\"https:\/\/sitios.ucsc.cl\/ogd\/hitos\/\",\"name\":\"Hitos - Observatorio de Gesti\u00f3n en Desastres\",\"isPartOf\":{\"@id\":\"https:\/\/sitios.ucsc.cl\/ogd\/#website\"},\"datePublished\":\"2021-04-08T14:28:24+00:00\",\"dateModified\":\"2021-04-08T14:35:17+00:00\",\"breadcrumb\":{\"@id\":\"https:\/\/sitios.ucsc.cl\/ogd\/hitos\/#breadcrumb\"},\"inLanguage\":\"es\",\"potentialAction\":[{\"@type\":\"ReadAction\",\"target\":[\"https:\/\/sitios.ucsc.cl\/ogd\/hitos\/\"]}]},{\"@type\":\"BreadcrumbList\",\"@id\":\"https:\/\/sitios.ucsc.cl\/ogd\/hitos\/#breadcrumb\",\"itemListElement\":[{\"@type\":\"ListItem\",\"position\":1,\"name\":\"Inicio\",\"item\":\"https:\/\/sitios.ucsc.cl\/ogd\/\"},{\"@type\":\"ListItem\",\"position\":2,\"name\":\"Hitos\"}]}]}<\/script>\n<!-- \/ Yoast SEO plugin. -->","yoast_head_json":{"title":"Hitos - Observatorio de Gesti\u00f3n en Desastres","robots":{"index":"index","follow":"follow","max-snippet":"max-snippet:-1","max-image-preview":"max-image-preview:large","max-video-preview":"max-video-preview:-1"},"canonical":"https:\/\/sitios.ucsc.cl\/ogd\/hitos\/","og_locale":"es_ES","og_type":"article","og_title":"Hitos - Observatorio de Gesti\u00f3n en Desastres","og_description":"2015 Creaci\u00f3n del Observatorio de Gesti\u00f3n en Desastre Desde el 2015 Oferta de la asignatura Desastres Naturales y Cultura de la Prevenci\u00f3n para las carreras de ingenier\u00eda. Profesor responsable: Claudio Oyarzo 2015 Seminario de Prevenci\u00f3n del Riesgo de Desastres: Una Tarea Pendiente, organizado por el Observatorio de Gesti\u00f3n de Desastres (OGD) y la Municipalidad de [&hellip;]","og_url":"https:\/\/sitios.ucsc.cl\/ogd\/hitos\/","og_site_name":"Observatorio de Gesti\u00f3n en Desastres","article_modified_time":"2021-04-08T14:35:17+00:00","twitter_card":"summary","twitter_misc":{"Tiempo de lectura":"3 minutos"},"schema":{"@context":"https:\/\/schema.org","@graph":[{"@type":"WebSite","@id":"https:\/\/sitios.ucsc.cl\/ogd\/#website","url":"https:\/\/sitios.ucsc.cl\/ogd\/","name":"Observatorio de Gesti\u00f3n en Desastres","description":"Observatorio de Gesti\u00f3n en Desastres","potentialAction":[{"@type":"SearchAction","target":{"@type":"EntryPoint","urlTemplate":"https:\/\/sitios.ucsc.cl\/ogd\/?s={search_term_string}"},"query-input":"required name=search_term_string"}],"inLanguage":"es"},{"@type":"WebPage","@id":"https:\/\/sitios.ucsc.cl\/ogd\/hitos\/#webpage","url":"https:\/\/sitios.ucsc.cl\/ogd\/hitos\/","name":"Hitos - Observatorio de Gesti\u00f3n en Desastres","isPartOf":{"@id":"https:\/\/sitios.ucsc.cl\/ogd\/#website"},"datePublished":"2021-04-08T14:28:24+00:00","dateModified":"2021-04-08T14:35:17+00:00","breadcrumb":{"@id":"https:\/\/sitios.ucsc.cl\/ogd\/hitos\/#breadcrumb"},"inLanguage":"es","potentialAction":[{"@type":"ReadAction","target":["https:\/\/sitios.ucsc.cl\/ogd\/hitos\/"]}]},{"@type":"BreadcrumbList","@id":"https:\/\/sitios.ucsc.cl\/ogd\/hitos\/#breadcrumb","itemListElement":[{"@type":"ListItem","position":1,"name":"Inicio","item":"https:\/\/sitios.ucsc.cl\/ogd\/"},{"@type":"ListItem","position":2,"name":"Hitos"}]}]}},"_links":{"self":[{"href":"https:\/\/sitios.ucsc.cl\/ogd\/wp-json\/wp\/v2\/pages\/32"}],"collection":[{"href":"https:\/\/sitios.ucsc.cl\/ogd\/wp-json\/wp\/v2\/pages"}],"about":[{"href":"https:\/\/sitios.ucsc.cl\/ogd\/wp-json\/wp\/v2\/types\/page"}],"author":[{"embeddable":true,"href":"https:\/\/sitios.ucsc.cl\/ogd\/wp-json\/wp\/v2\/users\/3"}],"replies":[{"embeddable":true,"href":"https:\/\/sitios.ucsc.cl\/ogd\/wp-json\/wp\/v2\/comments?post=32"}],"version-history":[{"count":4,"href":"https:\/\/sitios.ucsc.cl\/ogd\/wp-json\/wp\/v2\/pages\/32\/revisions"}],"predecessor-version":[{"id":36,"href":"https:\/\/sitios.ucsc.cl\/ogd\/wp-json\/wp\/v2\/pages\/32\/revisions\/36"}],"wp:attachment":[{"href":"https:\/\/sitios.ucsc.cl\/ogd\/wp-json\/wp\/v2\/media?parent=32"}],"curies":[{"name":"wp","href":"https:\/\/api.w.org\/{rel}","templated":true}]}}