{"id":28,"date":"2021-04-08T10:28:01","date_gmt":"2021-04-08T14:28:01","guid":{"rendered":"http:\/\/sitios.ucsc.cl\/ogd\/?page_id=28"},"modified":"2025-03-25T16:06:27","modified_gmt":"2025-03-25T19:06:27","slug":"socios-estrategicos","status":"publish","type":"page","link":"https:\/\/sitios.ucsc.cl\/ogd\/socios-estrategicos\/","title":{"rendered":"Socios Estrat\u00e9gicos"},"content":{"rendered":"<ul>\n<li>Departamento de Gesti\u00f3n del Riesgo de Desastres de la Ilustre Municipalidad de Talcahuano<\/li>\n<li>Departamento de Protecci\u00f3n Civil y Emergencia de la Ilustre Municipalidad de Tom\u00e9<\/li>\n<li>SENAPRED de la Regi\u00f3n del Biob\u00edo<\/li>\n<\/ul>\n","protected":false},"excerpt":{"rendered":"<p>Departamento de Gesti\u00f3n del Riesgo de Desastres de la Ilustre Municipalidad de Talcahuano Departamento de Protecci\u00f3n Civil y Emergencia de la Ilustre Municipalidad de Tom\u00e9 SENAPRED de la Regi\u00f3n del Biob\u00edo<\/p>\n","protected":false},"author":3,"featured_media":0,"parent":0,"menu_order":0,"comment_status":"closed","ping_status":"closed","template":"","meta":[],"yoast_head":"<!-- This site is optimized with the Yoast SEO plugin v18.9 - https:\/\/yoast.com\/wordpress\/plugins\/seo\/ -->\n<title>Socios Estrat\u00e9gicos - Observatorio de Gesti\u00f3n en Desastres<\/title>\n<meta name=\"robots\" content=\"index, follow, max-snippet:-1, max-image-preview:large, max-video-preview:-1\" \/>\n<link rel=\"canonical\" href=\"https:\/\/sitios.ucsc.cl\/ogd\/socios-estrategicos\/\" \/>\n<meta property=\"og:locale\" content=\"es_ES\" \/>\n<meta property=\"og:type\" content=\"article\" \/>\n<meta property=\"og:title\" content=\"Socios Estrat\u00e9gicos - Observatorio de Gesti\u00f3n en Desastres\" \/>\n<meta property=\"og:description\" content=\"Departamento de Gesti\u00f3n del Riesgo de Desastres de la Ilustre Municipalidad de Talcahuano Departamento de Protecci\u00f3n Civil y Emergencia de la Ilustre Municipalidad de Tom\u00e9 SENAPRED de la Regi\u00f3n del Biob\u00edo\" \/>\n<meta property=\"og:url\" content=\"https:\/\/sitios.ucsc.cl\/ogd\/socios-estrategicos\/\" \/>\n<meta property=\"og:site_name\" content=\"Observatorio de Gesti\u00f3n en Desastres\" \/>\n<meta property=\"article:modified_time\" content=\"2025-03-25T19:06:27+00:00\" \/>\n<meta name=\"twitter:card\" content=\"summary\" \/>\n<script type=\"application\/ld+json\" class=\"yoast-schema-graph\">{\"@context\":\"https:\/\/schema.org\",\"@graph\":[{\"@type\":\"WebSite\",\"@id\":\"https:\/\/sitios.ucsc.cl\/ogd\/#website\",\"url\":\"https:\/\/sitios.ucsc.cl\/ogd\/\",\"name\":\"Observatorio de Gesti\u00f3n en Desastres\",\"description\":\"Observatorio de Gesti\u00f3n en Desastres\",\"potentialAction\":[{\"@type\":\"SearchAction\",\"target\":{\"@type\":\"EntryPoint\",\"urlTemplate\":\"https:\/\/sitios.ucsc.cl\/ogd\/?s={search_term_string}\"},\"query-input\":\"required name=search_term_string\"}],\"inLanguage\":\"es\"},{\"@type\":\"WebPage\",\"@id\":\"https:\/\/sitios.ucsc.cl\/ogd\/socios-estrategicos\/#webpage\",\"url\":\"https:\/\/sitios.ucsc.cl\/ogd\/socios-estrategicos\/\",\"name\":\"Socios Estrat\u00e9gicos - Observatorio de Gesti\u00f3n en Desastres\",\"isPartOf\":{\"@id\":\"https:\/\/sitios.ucsc.cl\/ogd\/#website\"},\"datePublished\":\"2021-04-08T14:28:01+00:00\",\"dateModified\":\"2025-03-25T19:06:27+00:00\",\"breadcrumb\":{\"@id\":\"https:\/\/sitios.ucsc.cl\/ogd\/socios-estrategicos\/#breadcrumb\"},\"inLanguage\":\"es\",\"potentialAction\":[{\"@type\":\"ReadAction\",\"target\":[\"https:\/\/sitios.ucsc.cl\/ogd\/socios-estrategicos\/\"]}]},{\"@type\":\"BreadcrumbList\",\"@id\":\"https:\/\/sitios.ucsc.cl\/ogd\/socios-estrategicos\/#breadcrumb\",\"itemListElement\":[{\"@type\":\"ListItem\",\"position\":1,\"name\":\"Inicio\",\"item\":\"https:\/\/sitios.ucsc.cl\/ogd\/\"},{\"@type\":\"ListItem\",\"position\":2,\"name\":\"Socios Estrat\u00e9gicos\"}]}]}<\/script>\n<!-- \/ Yoast SEO plugin. -->","yoast_head_json":{"title":"Socios Estrat\u00e9gicos - Observatorio de Gesti\u00f3n en Desastres","robots":{"index":"index","follow":"follow","max-snippet":"max-snippet:-1","max-image-preview":"max-image-preview:large","max-video-preview":"max-video-preview:-1"},"canonical":"https:\/\/sitios.ucsc.cl\/ogd\/socios-estrategicos\/","og_locale":"es_ES","og_type":"article","og_title":"Socios Estrat\u00e9gicos - Observatorio de Gesti\u00f3n en Desastres","og_description":"Departamento de Gesti\u00f3n del Riesgo de Desastres de la Ilustre Municipalidad de Talcahuano Departamento de Protecci\u00f3n Civil y Emergencia de la Ilustre Municipalidad de Tom\u00e9 SENAPRED de la Regi\u00f3n del Biob\u00edo","og_url":"https:\/\/sitios.ucsc.cl\/ogd\/socios-estrategicos\/","og_site_name":"Observatorio de Gesti\u00f3n en Desastres","article_modified_time":"2025-03-25T19:06:27+00:00","twitter_card":"summary","schema":{"@context":"https:\/\/schema.org","@graph":[{"@type":"WebSite","@id":"https:\/\/sitios.ucsc.cl\/ogd\/#website","url":"https:\/\/sitios.ucsc.cl\/ogd\/","name":"Observatorio de Gesti\u00f3n en Desastres","description":"Observatorio de Gesti\u00f3n en Desastres","potentialAction":[{"@type":"SearchAction","target":{"@type":"EntryPoint","urlTemplate":"https:\/\/sitios.ucsc.cl\/ogd\/?s={search_term_string}"},"query-input":"required name=search_term_string"}],"inLanguage":"es"},{"@type":"WebPage","@id":"https:\/\/sitios.ucsc.cl\/ogd\/socios-estrategicos\/#webpage","url":"https:\/\/sitios.ucsc.cl\/ogd\/socios-estrategicos\/","name":"Socios Estrat\u00e9gicos - Observatorio de Gesti\u00f3n en Desastres","isPartOf":{"@id":"https:\/\/sitios.ucsc.cl\/ogd\/#website"},"datePublished":"2021-04-08T14:28:01+00:00","dateModified":"2025-03-25T19:06:27+00:00","breadcrumb":{"@id":"https:\/\/sitios.ucsc.cl\/ogd\/socios-estrategicos\/#breadcrumb"},"inLanguage":"es","potentialAction":[{"@type":"ReadAction","target":["https:\/\/sitios.ucsc.cl\/ogd\/socios-estrategicos\/"]}]},{"@type":"BreadcrumbList","@id":"https:\/\/sitios.ucsc.cl\/ogd\/socios-estrategicos\/#breadcrumb","itemListElement":[{"@type":"ListItem","position":1,"name":"Inicio","item":"https:\/\/sitios.ucsc.cl\/ogd\/"},{"@type":"ListItem","position":2,"name":"Socios Estrat\u00e9gicos"}]}]}},"_links":{"self":[{"href":"https:\/\/sitios.ucsc.cl\/ogd\/wp-json\/wp\/v2\/pages\/28"}],"collection":[{"href":"https:\/\/sitios.ucsc.cl\/ogd\/wp-json\/wp\/v2\/pages"}],"about":[{"href":"https:\/\/sitios.ucsc.cl\/ogd\/wp-json\/wp\/v2\/types\/page"}],"author":[{"embeddable":true,"href":"https:\/\/sitios.ucsc.cl\/ogd\/wp-json\/wp\/v2\/users\/3"}],"replies":[{"embeddable":true,"href":"https:\/\/sitios.ucsc.cl\/ogd\/wp-json\/wp\/v2\/comments?post=28"}],"version-history":[{"count":3,"href":"https:\/\/sitios.ucsc.cl\/ogd\/wp-json\/wp\/v2\/pages\/28\/revisions"}],"predecessor-version":[{"id":123,"href":"https:\/\/sitios.ucsc.cl\/ogd\/wp-json\/wp\/v2\/pages\/28\/revisions\/123"}],"wp:attachment":[{"href":"https:\/\/sitios.ucsc.cl\/ogd\/wp-json\/wp\/v2\/media?parent=28"}],"curies":[{"name":"wp","href":"https:\/\/api.w.org\/{rel}","templated":true}]}}