{"id":26,"date":"2021-04-08T10:27:37","date_gmt":"2021-04-08T14:27:37","guid":{"rendered":"http:\/\/sitios.ucsc.cl\/ogd\/?page_id=26"},"modified":"2021-04-08T11:17:27","modified_gmt":"2021-04-08T15:17:27","slug":"equipo-humano","status":"publish","type":"page","link":"https:\/\/sitios.ucsc.cl\/ogd\/equipo-humano\/","title":{"rendered":"Equipo Humano"},"content":{"rendered":"<div class=\"person person--archive\" itemscope itemtype=\"http:\/\/schema.org\/Person\">\n\t<!-- Person Photo -->\n\t<a href=\"https:\/\/sitios.ucsc.cl\/ogd\/personas\/maria-bull-torres\/\"><img width=\"300\" height=\"300\" src=\"https:\/\/sitios.ucsc.cl\/ogd\/wp-content\/uploads\/sites\/141\/2021\/04\/21-300x300.jpg\" class=\"person__photo wp-post-image\" alt=\"\" loading=\"lazy\" itemprop=\"image\" srcset=\"https:\/\/sitios.ucsc.cl\/ogd\/wp-content\/uploads\/sites\/141\/2021\/04\/21-300x300.jpg 300w, https:\/\/sitios.ucsc.cl\/ogd\/wp-content\/uploads\/sites\/141\/2021\/04\/21-150x150.jpg 150w, https:\/\/sitios.ucsc.cl\/ogd\/wp-content\/uploads\/sites\/141\/2021\/04\/21-200x200.jpg 200w, https:\/\/sitios.ucsc.cl\/ogd\/wp-content\/uploads\/sites\/141\/2021\/04\/21.jpg 500w\" sizes=\"(max-width: 300px) 100vw, 300px\" \/><\/a>\n\t<!-- Person Content -->\n\t<div class=\"person__content\">\n\t\t<!-- Person Name -->\n\t\t<h2 class=\"person__name\" itemprop=\"name\"><a href=\"https:\/\/sitios.ucsc.cl\/ogd\/personas\/maria-bull-torres\/\">Mar\u00eda Bull Torres<\/a><\/h2>\n\t\t<!-- Person Data -->\n\t\t\t\t<ul class=\"person__data\">\n\t\t\t\t\t<li class=\"person__data-item\">\n\t\t\t\t<strong class=\"person__data-item__label\">Cargo<\/strong>:\n\t\t\t\t<span class=\"person__data-item__value\" itemprop=\"jobTitle\">Directora del OGD<\/span>\n\t\t\t<\/li>\n\t\t\t\t\t<li class=\"person__data-item\">\n\t\t\t\t<strong class=\"person__data-item__label\">T\u00edtulo acad\u00e9mico<\/strong>:\n\t\t\t\t<span class=\"person__data-item__value\" itemprop=\"academicTitle\">Ingeniero Civil Industrial, Universidad de Concepci\u00f3n<\/span>\n\t\t\t<\/li>\n\t\t\t\t\t<li class=\"person__data-item\">\n\t\t\t\t<strong class=\"person__data-item__label\">Grado acad\u00e9mico<\/strong>:\n\t\t\t\t<span class=\"person__data-item__value\" itemprop=\"academicDegree\">Ph.D. Industrial Engineering, University of Central Florida, EEUU<\/span>\n\t\t\t<\/li>\n\t\t\t\t\t<li class=\"person__data-item\">\n\t\t\t\t<strong class=\"person__data-item__label\">Dependencia de trabajo<\/strong>:\n\t\t\t\t<span class=\"person__data-item__value\" itemprop=\"workLocation\">Facultad de Ingenier\u00eda - DII<\/span>\n\t\t\t<\/li>\n\t\t\t\t\t<li class=\"person__data-item\">\n\t\t\t\t<strong class=\"person__data-item__label\">Correo electr\u00f3nico<\/strong>:\n\t\t\t\t<span class=\"person__data-item__value\" itemprop=\"email\">mbull@ucsc.cl<\/span>\n\t\t\t<\/li>\n\t\t\t\t<\/ul>\n\t<\/div>\n<\/div><div class=\"person person--archive\" itemscope itemtype=\"http:\/\/schema.org\/Person\">\n\t<!-- Person Photo -->\n\t<a href=\"https:\/\/sitios.ucsc.cl\/ogd\/personas\/claudio-oyarzo-vera\/\"><img width=\"300\" height=\"300\" src=\"https:\/\/sitios.ucsc.cl\/ogd\/wp-content\/uploads\/sites\/141\/2021\/04\/Decano-Claudio-Oyarzo-Vera-300x300.jpg\" class=\"person__photo wp-post-image\" alt=\"\" loading=\"lazy\" itemprop=\"image\" srcset=\"https:\/\/sitios.ucsc.cl\/ogd\/wp-content\/uploads\/sites\/141\/2021\/04\/Decano-Claudio-Oyarzo-Vera-300x300.jpg 300w, https:\/\/sitios.ucsc.cl\/ogd\/wp-content\/uploads\/sites\/141\/2021\/04\/Decano-Claudio-Oyarzo-Vera-150x150.jpg 150w, https:\/\/sitios.ucsc.cl\/ogd\/wp-content\/uploads\/sites\/141\/2021\/04\/Decano-Claudio-Oyarzo-Vera-200x200.jpg 200w, https:\/\/sitios.ucsc.cl\/ogd\/wp-content\/uploads\/sites\/141\/2021\/04\/Decano-Claudio-Oyarzo-Vera.jpg 500w\" sizes=\"(max-width: 300px) 100vw, 300px\" \/><\/a>\n\t<!-- Person Content -->\n\t<div class=\"person__content\">\n\t\t<!-- Person Name -->\n\t\t<h2 class=\"person__name\" itemprop=\"name\"><a href=\"https:\/\/sitios.ucsc.cl\/ogd\/personas\/claudio-oyarzo-vera\/\">Claudio Oyarzo Vera<\/a><\/h2>\n\t\t<!-- Person Data -->\n\t\t\t\t<ul class=\"person__data\">\n\t\t\t\t\t<li class=\"person__data-item\">\n\t\t\t\t<strong class=\"person__data-item__label\">Cargo<\/strong>:\n\t\t\t\t<span class=\"person__data-item__value\" itemprop=\"jobTitle\">L\u00edder unidad de Vulnerabilidad <\/span>\n\t\t\t<\/li>\n\t\t\t\t\t<li class=\"person__data-item\">\n\t\t\t\t<strong class=\"person__data-item__label\">T\u00edtulo acad\u00e9mico<\/strong>:\n\t\t\t\t<span class=\"person__data-item__value\" itemprop=\"academicTitle\">Ingeniero Civil, Universidad T\u00e9cnica Federico Santa Mar\u00eda.<\/span>\n\t\t\t<\/li>\n\t\t\t\t\t<li class=\"person__data-item\">\n\t\t\t\t<strong class=\"person__data-item__label\">Grado acad\u00e9mico<\/strong>:\n\t\t\t\t<span class=\"person__data-item__value\" itemprop=\"academicDegree\">PhD in Civil Engineering, University of Auckland, New Zealand.<\/span>\n\t\t\t<\/li>\n\t\t\t\t\t<li class=\"person__data-item\">\n\t\t\t\t<strong class=\"person__data-item__label\">Dependencia de trabajo<\/strong>:\n\t\t\t\t<span class=\"person__data-item__value\" itemprop=\"workLocation\">Facultad de Ingenier\u00eda - DIC<\/span>\n\t\t\t<\/li>\n\t\t\t\t\t<li class=\"person__data-item\">\n\t\t\t\t<strong class=\"person__data-item__label\">Correo electr\u00f3nico<\/strong>:\n\t\t\t\t<span class=\"person__data-item__value\" itemprop=\"email\">coyarzov@ucsc.cl<\/span>\n\t\t\t<\/li>\n\t\t\t\t<\/ul>\n\t<\/div>\n<\/div><div class=\"person person--archive\" itemscope itemtype=\"http:\/\/schema.org\/Person\">\n\t<!-- Person Photo -->\n\t<a href=\"https:\/\/sitios.ucsc.cl\/ogd\/personas\/diego-caamano-avendano\/\"><img width=\"300\" height=\"300\" src=\"https:\/\/sitios.ucsc.cl\/ogd\/wp-content\/uploads\/sites\/141\/2021\/04\/Diego-Caamano-Avendano-300x300.jpg\" class=\"person__photo wp-post-image\" alt=\"\" loading=\"lazy\" itemprop=\"image\" srcset=\"https:\/\/sitios.ucsc.cl\/ogd\/wp-content\/uploads\/sites\/141\/2021\/04\/Diego-Caamano-Avendano-300x300.jpg 300w, https:\/\/sitios.ucsc.cl\/ogd\/wp-content\/uploads\/sites\/141\/2021\/04\/Diego-Caamano-Avendano-150x150.jpg 150w, https:\/\/sitios.ucsc.cl\/ogd\/wp-content\/uploads\/sites\/141\/2021\/04\/Diego-Caamano-Avendano-200x200.jpg 200w, https:\/\/sitios.ucsc.cl\/ogd\/wp-content\/uploads\/sites\/141\/2021\/04\/Diego-Caamano-Avendano.jpg 500w\" sizes=\"(max-width: 300px) 100vw, 300px\" \/><\/a>\n\t<!-- Person Content -->\n\t<div class=\"person__content\">\n\t\t<!-- Person Name -->\n\t\t<h2 class=\"person__name\" itemprop=\"name\"><a href=\"https:\/\/sitios.ucsc.cl\/ogd\/personas\/diego-caamano-avendano\/\">Diego Caama\u00f1o Avenda\u00f1o<\/a><\/h2>\n\t\t<!-- Person Data -->\n\t\t\t\t<ul class=\"person__data\">\n\t\t\t\t\t<li class=\"person__data-item\">\n\t\t\t\t<strong class=\"person__data-item__label\">Cargo<\/strong>:\n\t\t\t\t<span class=\"person__data-item__value\" itemprop=\"jobTitle\">L\u00edder Unidad de Modelaci\u00f3n de Amenazas Hidrol\u00f3gicas<\/span>\n\t\t\t<\/li>\n\t\t\t\t\t<li class=\"person__data-item\">\n\t\t\t\t<strong class=\"person__data-item__label\">T\u00edtulo acad\u00e9mico<\/strong>:\n\t\t\t\t<span class=\"person__data-item__value\" itemprop=\"academicTitle\">Ingeniero Civil, Universidad de Concepci\u00f3n<\/span>\n\t\t\t<\/li>\n\t\t\t\t\t<li class=\"person__data-item\">\n\t\t\t\t<strong class=\"person__data-item__label\">Grado acad\u00e9mico<\/strong>:\n\t\t\t\t<span class=\"person__data-item__value\" itemprop=\"academicDegree\">Ph.D. Civil Engineering, University of Idaho, USA<\/span>\n\t\t\t<\/li>\n\t\t\t\t\t<li class=\"person__data-item\">\n\t\t\t\t<strong class=\"person__data-item__label\">Dependencia de trabajo<\/strong>:\n\t\t\t\t<span class=\"person__data-item__value\" itemprop=\"workLocation\">Facultad de Ingenier\u00eda - DIC<\/span>\n\t\t\t<\/li>\n\t\t\t\t\t<li class=\"person__data-item\">\n\t\t\t\t<strong class=\"person__data-item__label\">Correo electr\u00f3nico<\/strong>:\n\t\t\t\t<span class=\"person__data-item__value\" itemprop=\"email\">dcaamano@ucsc.cl<\/span>\n\t\t\t<\/li>\n\t\t\t\t<\/ul>\n\t<\/div>\n<\/div><div class=\"person person--archive\" itemscope itemtype=\"http:\/\/schema.org\/Person\">\n\t<!-- Person Photo -->\n\t<a href=\"https:\/\/sitios.ucsc.cl\/ogd\/personas\/robert-king-st-onge\/\"><img width=\"300\" height=\"300\" src=\"https:\/\/sitios.ucsc.cl\/ogd\/wp-content\/uploads\/sites\/141\/2021\/04\/40-300x300.jpg\" class=\"person__photo wp-post-image\" alt=\"\" loading=\"lazy\" itemprop=\"image\" srcset=\"https:\/\/sitios.ucsc.cl\/ogd\/wp-content\/uploads\/sites\/141\/2021\/04\/40-300x300.jpg 300w, https:\/\/sitios.ucsc.cl\/ogd\/wp-content\/uploads\/sites\/141\/2021\/04\/40-150x150.jpg 150w, https:\/\/sitios.ucsc.cl\/ogd\/wp-content\/uploads\/sites\/141\/2021\/04\/40-200x200.jpg 200w, https:\/\/sitios.ucsc.cl\/ogd\/wp-content\/uploads\/sites\/141\/2021\/04\/40.jpg 500w\" sizes=\"(max-width: 300px) 100vw, 300px\" \/><\/a>\n\t<!-- Person Content -->\n\t<div class=\"person__content\">\n\t\t<!-- Person Name -->\n\t\t<h2 class=\"person__name\" itemprop=\"name\"><a href=\"https:\/\/sitios.ucsc.cl\/ogd\/personas\/robert-king-st-onge\/\">Robert King St Onge<\/a><\/h2>\n\t\t<!-- Person Data -->\n\t\t\t\t<ul class=\"person__data\">\n\t\t\t\t\t<li class=\"person__data-item\">\n\t\t\t\t<strong class=\"person__data-item__label\">Cargo<\/strong>:\n\t\t\t\t<span class=\"person__data-item__value\" itemprop=\"jobTitle\">L\u00edder Unidad de Modelaci\u00f3n de Amenazas Geol\u00f3gicas<\/span>\n\t\t\t<\/li>\n\t\t\t\t\t<li class=\"person__data-item\">\n\t\t\t\t<strong class=\"person__data-item__label\">T\u00edtulo acad\u00e9mico<\/strong>:\n\t\t\t\t<span class=\"person__data-item__value\" itemprop=\"academicTitle\">B.Sc. (Honours). The University of Western Ontario, London, Ontario. Canada<\/span>\n\t\t\t<\/li>\n\t\t\t\t\t<li class=\"person__data-item\">\n\t\t\t\t<strong class=\"person__data-item__label\">Grado acad\u00e9mico<\/strong>:\n\t\t\t\t<span class=\"person__data-item__value\" itemprop=\"academicDegree\">Ph.D. (Doctor of Philosophy). University of Saskatchewan, Saskatoon, Saskatchewan , Canada  <\/span>\n\t\t\t<\/li>\n\t\t\t\t\t<li class=\"person__data-item\">\n\t\t\t\t<strong class=\"person__data-item__label\">Dependencia de trabajo<\/strong>:\n\t\t\t\t<span class=\"person__data-item__value\" itemprop=\"workLocation\">Facultad de Ingenier\u00eda - DIC<\/span>\n\t\t\t<\/li>\n\t\t\t\t\t<li class=\"person__data-item\">\n\t\t\t\t<strong class=\"person__data-item__label\">Correo electr\u00f3nico<\/strong>:\n\t\t\t\t<span class=\"person__data-item__value\" itemprop=\"email\">rking@ucsc.cl<\/span>\n\t\t\t<\/li>\n\t\t\t\t<\/ul>\n\t<\/div>\n<\/div><div class=\"person person--archive\" itemscope itemtype=\"http:\/\/schema.org\/Person\">\n\t<!-- Person Photo -->\n\t<a href=\"https:\/\/sitios.ucsc.cl\/ogd\/personas\/rafael-aranguiz-munoz\/\"><img width=\"300\" height=\"300\" src=\"https:\/\/sitios.ucsc.cl\/ogd\/wp-content\/uploads\/sites\/141\/2021\/04\/Rafael-Aranguiz-Munoz-300x300.jpg\" class=\"person__photo wp-post-image\" alt=\"\" loading=\"lazy\" itemprop=\"image\" srcset=\"https:\/\/sitios.ucsc.cl\/ogd\/wp-content\/uploads\/sites\/141\/2021\/04\/Rafael-Aranguiz-Munoz-300x300.jpg 300w, https:\/\/sitios.ucsc.cl\/ogd\/wp-content\/uploads\/sites\/141\/2021\/04\/Rafael-Aranguiz-Munoz-150x150.jpg 150w, https:\/\/sitios.ucsc.cl\/ogd\/wp-content\/uploads\/sites\/141\/2021\/04\/Rafael-Aranguiz-Munoz-200x200.jpg 200w, https:\/\/sitios.ucsc.cl\/ogd\/wp-content\/uploads\/sites\/141\/2021\/04\/Rafael-Aranguiz-Munoz.jpg 500w\" sizes=\"(max-width: 300px) 100vw, 300px\" \/><\/a>\n\t<!-- Person Content -->\n\t<div class=\"person__content\">\n\t\t<!-- Person Name -->\n\t\t<h2 class=\"person__name\" itemprop=\"name\"><a href=\"https:\/\/sitios.ucsc.cl\/ogd\/personas\/rafael-aranguiz-munoz\/\">Rafael Ar\u00e1nguiz Mu\u00f1oz<\/a><\/h2>\n\t\t<!-- Person Data -->\n\t\t\t\t<ul class=\"person__data\">\n\t\t\t\t\t<li class=\"person__data-item\">\n\t\t\t\t<strong class=\"person__data-item__label\">Cargo<\/strong>:\n\t\t\t\t<span class=\"person__data-item__value\" itemprop=\"jobTitle\">Investigador <\/span>\n\t\t\t<\/li>\n\t\t\t\t\t<li class=\"person__data-item\">\n\t\t\t\t<strong class=\"person__data-item__label\">T\u00edtulo acad\u00e9mico<\/strong>:\n\t\t\t\t<span class=\"person__data-item__value\" itemprop=\"academicTitle\">Ingeniero Civil, licenciado en Ciencias de la Ingenier\u00eda, Universidad de Concepci\u00f3n.<\/span>\n\t\t\t<\/li>\n\t\t\t\t\t<li class=\"person__data-item\">\n\t\t\t\t<strong class=\"person__data-item__label\">Grado acad\u00e9mico<\/strong>:\n\t\t\t\t<span class=\"person__data-item__value\" itemprop=\"academicDegree\">Doctor en Ingenier\u00eda, Universidad de Waseda, Jap\u00f3n <\/span>\n\t\t\t<\/li>\n\t\t\t\t\t<li class=\"person__data-item\">\n\t\t\t\t<strong class=\"person__data-item__label\">Dependencia de trabajo<\/strong>:\n\t\t\t\t<span class=\"person__data-item__value\" itemprop=\"workLocation\">Facultad de Ingenier\u00eda - DIC<\/span>\n\t\t\t<\/li>\n\t\t\t\t\t<li class=\"person__data-item\">\n\t\t\t\t<strong class=\"person__data-item__label\">Correo electr\u00f3nico<\/strong>:\n\t\t\t\t<span class=\"person__data-item__value\" itemprop=\"email\">raranguiz@ucsc.cl<\/span>\n\t\t\t<\/li>\n\t\t\t\t<\/ul>\n\t<\/div>\n<\/div><div class=\"person person--archive\" itemscope itemtype=\"http:\/\/schema.org\/Person\">\n\t<!-- Person Photo -->\n\t<a href=\"https:\/\/sitios.ucsc.cl\/ogd\/personas\/jose-montenegro-cooper\/\"><img width=\"300\" height=\"300\" src=\"https:\/\/sitios.ucsc.cl\/ogd\/wp-content\/uploads\/sites\/141\/2021\/04\/51-300x300.jpg\" class=\"person__photo wp-post-image\" alt=\"\" loading=\"lazy\" itemprop=\"image\" srcset=\"https:\/\/sitios.ucsc.cl\/ogd\/wp-content\/uploads\/sites\/141\/2021\/04\/51-300x300.jpg 300w, https:\/\/sitios.ucsc.cl\/ogd\/wp-content\/uploads\/sites\/141\/2021\/04\/51-150x150.jpg 150w, https:\/\/sitios.ucsc.cl\/ogd\/wp-content\/uploads\/sites\/141\/2021\/04\/51-200x200.jpg 200w, https:\/\/sitios.ucsc.cl\/ogd\/wp-content\/uploads\/sites\/141\/2021\/04\/51.jpg 500w\" sizes=\"(max-width: 300px) 100vw, 300px\" \/><\/a>\n\t<!-- Person Content -->\n\t<div class=\"person__content\">\n\t\t<!-- Person Name -->\n\t\t<h2 class=\"person__name\" itemprop=\"name\"><a href=\"https:\/\/sitios.ucsc.cl\/ogd\/personas\/jose-montenegro-cooper\/\">Jos\u00e9 Montenegro Cooper<\/a><\/h2>\n\t\t<!-- Person Data -->\n\t\t\t\t<ul class=\"person__data\">\n\t\t\t\t\t<li class=\"person__data-item\">\n\t\t\t\t<strong class=\"person__data-item__label\">Cargo<\/strong>:\n\t\t\t\t<span class=\"person__data-item__value\" itemprop=\"jobTitle\">Investigador<\/span>\n\t\t\t<\/li>\n\t\t\t\t\t<li class=\"person__data-item\">\n\t\t\t\t<strong class=\"person__data-item__label\">T\u00edtulo acad\u00e9mico<\/strong>:\n\t\t\t\t<span class=\"person__data-item__value\" itemprop=\"academicTitle\">Constructor Civil, PUC<\/span>\n\t\t\t<\/li>\n\t\t\t\t\t<li class=\"person__data-item\">\n\t\t\t\t<strong class=\"person__data-item__label\">Grado acad\u00e9mico<\/strong>:\n\t\t\t\t<span class=\"person__data-item__value\" itemprop=\"academicDegree\">Doctor<\/span>\n\t\t\t<\/li>\n\t\t\t\t\t<li class=\"person__data-item\">\n\t\t\t\t<strong class=\"person__data-item__label\">Dependencia de trabajo<\/strong>:\n\t\t\t\t<span class=\"person__data-item__value\" itemprop=\"workLocation\">Facultad de Ingenier\u00eda<\/span>\n\t\t\t<\/li>\n\t\t\t\t\t<li class=\"person__data-item\">\n\t\t\t\t<strong class=\"person__data-item__label\">Correo electr\u00f3nico<\/strong>:\n\t\t\t\t<span class=\"person__data-item__value\" itemprop=\"email\">jmontenegro@ucsc.cl<\/span>\n\t\t\t<\/li>\n\t\t\t\t<\/ul>\n\t<\/div>\n<\/div>\n","protected":false},"excerpt":{"rendered":"","protected":false},"author":3,"featured_media":0,"parent":0,"menu_order":0,"comment_status":"closed","ping_status":"closed","template":"","meta":[],"yoast_head":"<!-- This site is optimized with the Yoast SEO plugin v18.9 - https:\/\/yoast.com\/wordpress\/plugins\/seo\/ -->\n<title>Equipo Humano - Observatorio de Gesti\u00f3n en Desastres<\/title>\n<meta name=\"robots\" content=\"index, follow, max-snippet:-1, max-image-preview:large, max-video-preview:-1\" \/>\n<link rel=\"canonical\" href=\"https:\/\/sitios.ucsc.cl\/ogd\/equipo-humano\/\" \/>\n<meta property=\"og:locale\" content=\"es_ES\" \/>\n<meta property=\"og:type\" content=\"article\" \/>\n<meta property=\"og:title\" content=\"Equipo Humano - Observatorio de Gesti\u00f3n en Desastres\" \/>\n<meta property=\"og:url\" content=\"https:\/\/sitios.ucsc.cl\/ogd\/equipo-humano\/\" \/>\n<meta property=\"og:site_name\" content=\"Observatorio de Gesti\u00f3n en Desastres\" \/>\n<meta property=\"article:modified_time\" content=\"2021-04-08T15:17:27+00:00\" \/>\n<meta name=\"twitter:card\" content=\"summary\" \/>\n<script type=\"application\/ld+json\" class=\"yoast-schema-graph\">{\"@context\":\"https:\/\/schema.org\",\"@graph\":[{\"@type\":\"WebSite\",\"@id\":\"https:\/\/sitios.ucsc.cl\/ogd\/#website\",\"url\":\"https:\/\/sitios.ucsc.cl\/ogd\/\",\"name\":\"Observatorio de Gesti\u00f3n en Desastres\",\"description\":\"Observatorio de Gesti\u00f3n en Desastres\",\"potentialAction\":[{\"@type\":\"SearchAction\",\"target\":{\"@type\":\"EntryPoint\",\"urlTemplate\":\"https:\/\/sitios.ucsc.cl\/ogd\/?s={search_term_string}\"},\"query-input\":\"required name=search_term_string\"}],\"inLanguage\":\"es\"},{\"@type\":\"WebPage\",\"@id\":\"https:\/\/sitios.ucsc.cl\/ogd\/equipo-humano\/#webpage\",\"url\":\"https:\/\/sitios.ucsc.cl\/ogd\/equipo-humano\/\",\"name\":\"Equipo Humano - Observatorio de Gesti\u00f3n en Desastres\",\"isPartOf\":{\"@id\":\"https:\/\/sitios.ucsc.cl\/ogd\/#website\"},\"datePublished\":\"2021-04-08T14:27:37+00:00\",\"dateModified\":\"2021-04-08T15:17:27+00:00\",\"breadcrumb\":{\"@id\":\"https:\/\/sitios.ucsc.cl\/ogd\/equipo-humano\/#breadcrumb\"},\"inLanguage\":\"es\",\"potentialAction\":[{\"@type\":\"ReadAction\",\"target\":[\"https:\/\/sitios.ucsc.cl\/ogd\/equipo-humano\/\"]}]},{\"@type\":\"BreadcrumbList\",\"@id\":\"https:\/\/sitios.ucsc.cl\/ogd\/equipo-humano\/#breadcrumb\",\"itemListElement\":[{\"@type\":\"ListItem\",\"position\":1,\"name\":\"Inicio\",\"item\":\"https:\/\/sitios.ucsc.cl\/ogd\/\"},{\"@type\":\"ListItem\",\"position\":2,\"name\":\"Equipo Humano\"}]}]}<\/script>\n<!-- \/ Yoast SEO plugin. -->","yoast_head_json":{"title":"Equipo Humano - Observatorio de Gesti\u00f3n en Desastres","robots":{"index":"index","follow":"follow","max-snippet":"max-snippet:-1","max-image-preview":"max-image-preview:large","max-video-preview":"max-video-preview:-1"},"canonical":"https:\/\/sitios.ucsc.cl\/ogd\/equipo-humano\/","og_locale":"es_ES","og_type":"article","og_title":"Equipo Humano - Observatorio de Gesti\u00f3n en Desastres","og_url":"https:\/\/sitios.ucsc.cl\/ogd\/equipo-humano\/","og_site_name":"Observatorio de Gesti\u00f3n en Desastres","article_modified_time":"2021-04-08T15:17:27+00:00","twitter_card":"summary","schema":{"@context":"https:\/\/schema.org","@graph":[{"@type":"WebSite","@id":"https:\/\/sitios.ucsc.cl\/ogd\/#website","url":"https:\/\/sitios.ucsc.cl\/ogd\/","name":"Observatorio de Gesti\u00f3n en Desastres","description":"Observatorio de Gesti\u00f3n en Desastres","potentialAction":[{"@type":"SearchAction","target":{"@type":"EntryPoint","urlTemplate":"https:\/\/sitios.ucsc.cl\/ogd\/?s={search_term_string}"},"query-input":"required name=search_term_string"}],"inLanguage":"es"},{"@type":"WebPage","@id":"https:\/\/sitios.ucsc.cl\/ogd\/equipo-humano\/#webpage","url":"https:\/\/sitios.ucsc.cl\/ogd\/equipo-humano\/","name":"Equipo Humano - Observatorio de Gesti\u00f3n en Desastres","isPartOf":{"@id":"https:\/\/sitios.ucsc.cl\/ogd\/#website"},"datePublished":"2021-04-08T14:27:37+00:00","dateModified":"2021-04-08T15:17:27+00:00","breadcrumb":{"@id":"https:\/\/sitios.ucsc.cl\/ogd\/equipo-humano\/#breadcrumb"},"inLanguage":"es","potentialAction":[{"@type":"ReadAction","target":["https:\/\/sitios.ucsc.cl\/ogd\/equipo-humano\/"]}]},{"@type":"BreadcrumbList","@id":"https:\/\/sitios.ucsc.cl\/ogd\/equipo-humano\/#breadcrumb","itemListElement":[{"@type":"ListItem","position":1,"name":"Inicio","item":"https:\/\/sitios.ucsc.cl\/ogd\/"},{"@type":"ListItem","position":2,"name":"Equipo Humano"}]}]}},"_links":{"self":[{"href":"https:\/\/sitios.ucsc.cl\/ogd\/wp-json\/wp\/v2\/pages\/26"}],"collection":[{"href":"https:\/\/sitios.ucsc.cl\/ogd\/wp-json\/wp\/v2\/pages"}],"about":[{"href":"https:\/\/sitios.ucsc.cl\/ogd\/wp-json\/wp\/v2\/types\/page"}],"author":[{"embeddable":true,"href":"https:\/\/sitios.ucsc.cl\/ogd\/wp-json\/wp\/v2\/users\/3"}],"replies":[{"embeddable":true,"href":"https:\/\/sitios.ucsc.cl\/ogd\/wp-json\/wp\/v2\/comments?post=26"}],"version-history":[{"count":2,"href":"https:\/\/sitios.ucsc.cl\/ogd\/wp-json\/wp\/v2\/pages\/26\/revisions"}],"predecessor-version":[{"id":72,"href":"https:\/\/sitios.ucsc.cl\/ogd\/wp-json\/wp\/v2\/pages\/26\/revisions\/72"}],"wp:attachment":[{"href":"https:\/\/sitios.ucsc.cl\/ogd\/wp-json\/wp\/v2\/media?parent=26"}],"curies":[{"name":"wp","href":"https:\/\/api.w.org\/{rel}","templated":true}]}}