{"id":24,"date":"2021-04-08T10:27:21","date_gmt":"2021-04-08T14:27:21","guid":{"rendered":"http:\/\/sitios.ucsc.cl\/ogd\/?page_id=24"},"modified":"2021-04-08T10:27:21","modified_gmt":"2021-04-08T14:27:21","slug":"vision-y-mision","status":"publish","type":"page","link":"https:\/\/sitios.ucsc.cl\/ogd\/vision-y-mision\/","title":{"rendered":"Visi\u00f3n y Misi\u00f3n"},"content":{"rendered":"<h2>Visi\u00f3n<\/h2>\n<p>El Observatorio de Gesti\u00f3n en Desastres busca ser reconocido como un centro l\u00edder de opini\u00f3n y de investigaci\u00f3n multidisciplinaria que contribuya al entrenamiento de la comunidad para hacerla menos vulnerable a las amenazas naturales y antr\u00f3picas.<\/p>\n<hr \/>\n<h2>Misi\u00f3n<\/h2>\n<p>La misi\u00f3n del Observatorio de Gesti\u00f3n en Desastres es realizar investigaci\u00f3n multidisciplinaria para desarrollar herramientas, educar e informar a la comunidad en temas de gesti\u00f3n de riesgo de desastres, con el fin de hacer frente a las amenazas naturales y antr\u00f3picas. Asimismo, el Observatorio busca desarrollar conocimiento y herramientas que apoyen la toma de decisiones durante el ciclo de vida de un desastre, incluyendo las etapas de prevenci\u00f3n, preparaci\u00f3n, respuesta, recuperaci\u00f3n y mitigaci\u00f3n, con el fin de reducir la vulnerabilidad de la poblaci\u00f3n y al mismo tiempo reducir el riesgo en la comunidad.<\/p>\n","protected":false},"excerpt":{"rendered":"<p>Visi\u00f3n El Observatorio de Gesti\u00f3n en Desastres busca ser reconocido como un centro l\u00edder de opini\u00f3n y de investigaci\u00f3n multidisciplinaria que contribuya al entrenamiento de la comunidad para hacerla menos vulnerable a las amenazas naturales y antr\u00f3picas. Misi\u00f3n La misi\u00f3n del Observatorio de Gesti\u00f3n en Desastres es realizar investigaci\u00f3n multidisciplinaria para desarrollar herramientas, educar e [&hellip;]<\/p>\n","protected":false},"author":3,"featured_media":0,"parent":0,"menu_order":0,"comment_status":"closed","ping_status":"closed","template":"","meta":[],"yoast_head":"<!-- This site is optimized with the Yoast SEO plugin v18.9 - https:\/\/yoast.com\/wordpress\/plugins\/seo\/ -->\n<title>Visi\u00f3n y Misi\u00f3n - Observatorio de Gesti\u00f3n en Desastres<\/title>\n<meta name=\"robots\" content=\"index, follow, max-snippet:-1, max-image-preview:large, max-video-preview:-1\" \/>\n<link rel=\"canonical\" href=\"https:\/\/sitios.ucsc.cl\/ogd\/vision-y-mision\/\" \/>\n<meta property=\"og:locale\" content=\"es_ES\" \/>\n<meta property=\"og:type\" content=\"article\" \/>\n<meta property=\"og:title\" content=\"Visi\u00f3n y Misi\u00f3n - Observatorio de Gesti\u00f3n en Desastres\" \/>\n<meta property=\"og:description\" content=\"Visi\u00f3n El Observatorio de Gesti\u00f3n en Desastres busca ser reconocido como un centro l\u00edder de opini\u00f3n y de investigaci\u00f3n multidisciplinaria que contribuya al entrenamiento de la comunidad para hacerla menos vulnerable a las amenazas naturales y antr\u00f3picas. Misi\u00f3n La misi\u00f3n del Observatorio de Gesti\u00f3n en Desastres es realizar investigaci\u00f3n multidisciplinaria para desarrollar herramientas, educar e [&hellip;]\" \/>\n<meta property=\"og:url\" content=\"https:\/\/sitios.ucsc.cl\/ogd\/vision-y-mision\/\" \/>\n<meta property=\"og:site_name\" content=\"Observatorio de Gesti\u00f3n en Desastres\" \/>\n<meta name=\"twitter:card\" content=\"summary\" \/>\n<meta name=\"twitter:label1\" content=\"Tiempo de lectura\" \/>\n\t<meta name=\"twitter:data1\" content=\"1 minuto\" \/>\n<script type=\"application\/ld+json\" class=\"yoast-schema-graph\">{\"@context\":\"https:\/\/schema.org\",\"@graph\":[{\"@type\":\"WebSite\",\"@id\":\"https:\/\/sitios.ucsc.cl\/ogd\/#website\",\"url\":\"https:\/\/sitios.ucsc.cl\/ogd\/\",\"name\":\"Observatorio de Gesti\u00f3n en Desastres\",\"description\":\"Observatorio de Gesti\u00f3n en Desastres\",\"potentialAction\":[{\"@type\":\"SearchAction\",\"target\":{\"@type\":\"EntryPoint\",\"urlTemplate\":\"https:\/\/sitios.ucsc.cl\/ogd\/?s={search_term_string}\"},\"query-input\":\"required name=search_term_string\"}],\"inLanguage\":\"es\"},{\"@type\":\"WebPage\",\"@id\":\"https:\/\/sitios.ucsc.cl\/ogd\/vision-y-mision\/#webpage\",\"url\":\"https:\/\/sitios.ucsc.cl\/ogd\/vision-y-mision\/\",\"name\":\"Visi\u00f3n y Misi\u00f3n - Observatorio de Gesti\u00f3n en Desastres\",\"isPartOf\":{\"@id\":\"https:\/\/sitios.ucsc.cl\/ogd\/#website\"},\"datePublished\":\"2021-04-08T14:27:21+00:00\",\"dateModified\":\"2021-04-08T14:27:21+00:00\",\"breadcrumb\":{\"@id\":\"https:\/\/sitios.ucsc.cl\/ogd\/vision-y-mision\/#breadcrumb\"},\"inLanguage\":\"es\",\"potentialAction\":[{\"@type\":\"ReadAction\",\"target\":[\"https:\/\/sitios.ucsc.cl\/ogd\/vision-y-mision\/\"]}]},{\"@type\":\"BreadcrumbList\",\"@id\":\"https:\/\/sitios.ucsc.cl\/ogd\/vision-y-mision\/#breadcrumb\",\"itemListElement\":[{\"@type\":\"ListItem\",\"position\":1,\"name\":\"Inicio\",\"item\":\"https:\/\/sitios.ucsc.cl\/ogd\/\"},{\"@type\":\"ListItem\",\"position\":2,\"name\":\"Visi\u00f3n y Misi\u00f3n\"}]}]}<\/script>\n<!-- \/ Yoast SEO plugin. -->","yoast_head_json":{"title":"Visi\u00f3n y Misi\u00f3n - Observatorio de Gesti\u00f3n en Desastres","robots":{"index":"index","follow":"follow","max-snippet":"max-snippet:-1","max-image-preview":"max-image-preview:large","max-video-preview":"max-video-preview:-1"},"canonical":"https:\/\/sitios.ucsc.cl\/ogd\/vision-y-mision\/","og_locale":"es_ES","og_type":"article","og_title":"Visi\u00f3n y Misi\u00f3n - Observatorio de Gesti\u00f3n en Desastres","og_description":"Visi\u00f3n El Observatorio de Gesti\u00f3n en Desastres busca ser reconocido como un centro l\u00edder de opini\u00f3n y de investigaci\u00f3n multidisciplinaria que contribuya al entrenamiento de la comunidad para hacerla menos vulnerable a las amenazas naturales y antr\u00f3picas. Misi\u00f3n La misi\u00f3n del Observatorio de Gesti\u00f3n en Desastres es realizar investigaci\u00f3n multidisciplinaria para desarrollar herramientas, educar e [&hellip;]","og_url":"https:\/\/sitios.ucsc.cl\/ogd\/vision-y-mision\/","og_site_name":"Observatorio de Gesti\u00f3n en Desastres","twitter_card":"summary","twitter_misc":{"Tiempo de lectura":"1 minuto"},"schema":{"@context":"https:\/\/schema.org","@graph":[{"@type":"WebSite","@id":"https:\/\/sitios.ucsc.cl\/ogd\/#website","url":"https:\/\/sitios.ucsc.cl\/ogd\/","name":"Observatorio de Gesti\u00f3n en Desastres","description":"Observatorio de Gesti\u00f3n en Desastres","potentialAction":[{"@type":"SearchAction","target":{"@type":"EntryPoint","urlTemplate":"https:\/\/sitios.ucsc.cl\/ogd\/?s={search_term_string}"},"query-input":"required name=search_term_string"}],"inLanguage":"es"},{"@type":"WebPage","@id":"https:\/\/sitios.ucsc.cl\/ogd\/vision-y-mision\/#webpage","url":"https:\/\/sitios.ucsc.cl\/ogd\/vision-y-mision\/","name":"Visi\u00f3n y Misi\u00f3n - Observatorio de Gesti\u00f3n en Desastres","isPartOf":{"@id":"https:\/\/sitios.ucsc.cl\/ogd\/#website"},"datePublished":"2021-04-08T14:27:21+00:00","dateModified":"2021-04-08T14:27:21+00:00","breadcrumb":{"@id":"https:\/\/sitios.ucsc.cl\/ogd\/vision-y-mision\/#breadcrumb"},"inLanguage":"es","potentialAction":[{"@type":"ReadAction","target":["https:\/\/sitios.ucsc.cl\/ogd\/vision-y-mision\/"]}]},{"@type":"BreadcrumbList","@id":"https:\/\/sitios.ucsc.cl\/ogd\/vision-y-mision\/#breadcrumb","itemListElement":[{"@type":"ListItem","position":1,"name":"Inicio","item":"https:\/\/sitios.ucsc.cl\/ogd\/"},{"@type":"ListItem","position":2,"name":"Visi\u00f3n y Misi\u00f3n"}]}]}},"_links":{"self":[{"href":"https:\/\/sitios.ucsc.cl\/ogd\/wp-json\/wp\/v2\/pages\/24"}],"collection":[{"href":"https:\/\/sitios.ucsc.cl\/ogd\/wp-json\/wp\/v2\/pages"}],"about":[{"href":"https:\/\/sitios.ucsc.cl\/ogd\/wp-json\/wp\/v2\/types\/page"}],"author":[{"embeddable":true,"href":"https:\/\/sitios.ucsc.cl\/ogd\/wp-json\/wp\/v2\/users\/3"}],"replies":[{"embeddable":true,"href":"https:\/\/sitios.ucsc.cl\/ogd\/wp-json\/wp\/v2\/comments?post=24"}],"version-history":[{"count":1,"href":"https:\/\/sitios.ucsc.cl\/ogd\/wp-json\/wp\/v2\/pages\/24\/revisions"}],"predecessor-version":[{"id":25,"href":"https:\/\/sitios.ucsc.cl\/ogd\/wp-json\/wp\/v2\/pages\/24\/revisions\/25"}],"wp:attachment":[{"href":"https:\/\/sitios.ucsc.cl\/ogd\/wp-json\/wp\/v2\/media?parent=24"}],"curies":[{"name":"wp","href":"https:\/\/api.w.org\/{rel}","templated":true}]}}