{"id":38,"date":"2018-03-19T14:42:23","date_gmt":"2018-03-19T17:42:23","guid":{"rendered":"http:\/\/sitios.ucsc.cl\/fscu\/?page_id=38"},"modified":"2018-03-19T14:42:23","modified_gmt":"2018-03-19T17:42:23","slug":"tipos-de-credito","status":"publish","type":"page","link":"https:\/\/sitios.ucsc.cl\/fscu\/tipos-de-credito\/","title":{"rendered":"Tipos de Cr\u00e9dito"},"content":{"rendered":"<h4>Cr\u00e9dito Fiscal Universitario:<\/h4>\n<p>Beneficio otorgado desde el a\u00f1o 1981 hasta 1987,establecido por DFL N\u00ba 4 de 1981, cuyo per\u00edodo de cobranza se realiza en 10 \u00f3 15 a\u00f1os, dependiendo de la cantidad de UTM adeudada.<\/p>\n<h4>Cr\u00e9dito Universitario:<\/h4>\n<p>Beneficio entregado desde el a\u00f1o 1988 hasta 1993, regido por ley N\u00ba 18.591 de 1987, cuyo per\u00edodo de cobranza se efect\u00faa en el doble de los a\u00f1os de obtenci\u00f3n del beneficio.<\/p>\n<h4>Cr\u00e9dito Fiscal Reprogramado:<\/h4>\n<p>Durante 1991 y en virtud de lo establecido en la ley 19.083 del 12 de septiembre de 1991, el Fondo de Cr\u00e9dito ofreci\u00f3 reprogramar a trav\u00e9s de un nuevo pagar\u00e9 de consolidaci\u00f3n, los saldos adeudados por concepto de cr\u00e9dito fiscal universitario.<\/p>\n<p>Esta reprogramaci\u00f3n permiti\u00f3 que las cuotas adeudadas, vencidas y por vencer, previa condonaci\u00f3n de intereses moratorios, se consolidaran al 31 de diciembre de 1990, estableci\u00e9ndose un nuevo saldo deudor a pagarse en 10 anualidades iguales y sucesivas y no prorrogables, con vencimiento al 31 de diciembre de cada a\u00f1o, venciendo la primera en forma excepcional el 31 de marzo de 1992.<\/p>\n<h4>Cr\u00e9dito Solidario:<\/h4>\n<p>El 4 de febrero de 1994 se public\u00f3 la Ley 19.287 sobre Fondos Solidarios de Cr\u00e9dito Universitario, que permiti\u00f3 reprogramar a los deudores de cr\u00e9dito universitario, como tambi\u00e9n, a aquellos deudores que simult\u00e1neamente tuvieran deuda de cr\u00e9dito universitario y fiscal.<\/p>\n<p>Es tambi\u00e9n esta noma la que rige las asignaciones de cr\u00e9dito desde el a\u00f1o 1994 a la fecha.<\/p>\n<h4>Cr\u00e9dito Universitario Reprogramado:<\/h4>\n<p>Reprogramaci\u00f3n de acuerdo a la ley 19.848 del 27 de diciembre 2002, que permiti\u00f3 que los deudores en mora al 30 junio del a\u00f1o 2002 de todos los cr\u00e9ditos de fondo solidario, firmaran un nuevo pagar\u00e9, en cuotas anuales iguales y sucesivas expresadas en unidades tributarias mensuales, con plazo m\u00e1ximo de 10 a\u00f1os a pagar desde el a\u00f1o 2004 al 2013.<br \/>\nEsta norma ofrece la opci\u00f3n de que el deudor pueda optar a rebajar su cuota reprogramada, pagando s\u00f3lo hasta el 5% de sus ingresos obtenidos en el a\u00f1o inmediatamente anterior.<\/p>\n","protected":false},"excerpt":{"rendered":"<p>Cr\u00e9dito Fiscal Universitario: Beneficio otorgado desde el a\u00f1o 1981 hasta 1987,establecido por DFL N\u00ba 4 de 1981, cuyo per\u00edodo de cobranza se realiza en 10 \u00f3 15 a\u00f1os, dependiendo de la cantidad de UTM adeudada. Cr\u00e9dito Universitario: Beneficio entregado desde el a\u00f1o 1988 hasta 1993, regido por ley N\u00ba 18.591 de 1987, cuyo per\u00edodo de [&hellip;]<\/p>\n","protected":false},"author":20,"featured_media":0,"parent":0,"menu_order":0,"comment_status":"closed","ping_status":"closed","template":"","meta":[],"yoast_head":"<!-- This site is optimized with the Yoast SEO plugin v18.9 - https:\/\/yoast.com\/wordpress\/plugins\/seo\/ -->\n<title>Tipos de Cr\u00e9dito - Fondo Solidario de Cr\u00e9dito Universitario<\/title>\n<meta name=\"robots\" content=\"index, follow, max-snippet:-1, max-image-preview:large, max-video-preview:-1\" \/>\n<link rel=\"canonical\" href=\"https:\/\/sitios.ucsc.cl\/fscu\/tipos-de-credito\/\" \/>\n<meta property=\"og:locale\" content=\"es_ES\" \/>\n<meta property=\"og:type\" content=\"article\" \/>\n<meta property=\"og:title\" content=\"Tipos de Cr\u00e9dito - Fondo Solidario de Cr\u00e9dito Universitario\" \/>\n<meta property=\"og:description\" content=\"Cr\u00e9dito Fiscal Universitario: Beneficio otorgado desde el a\u00f1o 1981 hasta 1987,establecido por DFL N\u00ba 4 de 1981, cuyo per\u00edodo de cobranza se realiza en 10 \u00f3 15 a\u00f1os, dependiendo de la cantidad de UTM adeudada. Cr\u00e9dito Universitario: Beneficio entregado desde el a\u00f1o 1988 hasta 1993, regido por ley N\u00ba 18.591 de 1987, cuyo per\u00edodo de [&hellip;]\" \/>\n<meta property=\"og:url\" content=\"https:\/\/sitios.ucsc.cl\/fscu\/tipos-de-credito\/\" \/>\n<meta property=\"og:site_name\" content=\"Fondo Solidario de Cr\u00e9dito Universitario\" \/>\n<meta name=\"twitter:card\" content=\"summary\" \/>\n<meta name=\"twitter:label1\" content=\"Tiempo de lectura\" \/>\n\t<meta name=\"twitter:data1\" content=\"2 minutos\" \/>\n<script type=\"application\/ld+json\" class=\"yoast-schema-graph\">{\"@context\":\"https:\/\/schema.org\",\"@graph\":[{\"@type\":\"WebSite\",\"@id\":\"https:\/\/sitios.ucsc.cl\/fscu\/#website\",\"url\":\"https:\/\/sitios.ucsc.cl\/fscu\/\",\"name\":\"Fondo Solidario de Cr\u00e9dito Universitario\",\"description\":\"UCSC.CL\",\"potentialAction\":[{\"@type\":\"SearchAction\",\"target\":{\"@type\":\"EntryPoint\",\"urlTemplate\":\"https:\/\/sitios.ucsc.cl\/fscu\/?s={search_term_string}\"},\"query-input\":\"required name=search_term_string\"}],\"inLanguage\":\"es\"},{\"@type\":\"WebPage\",\"@id\":\"https:\/\/sitios.ucsc.cl\/fscu\/tipos-de-credito\/#webpage\",\"url\":\"https:\/\/sitios.ucsc.cl\/fscu\/tipos-de-credito\/\",\"name\":\"Tipos de Cr\u00e9dito - Fondo Solidario de Cr\u00e9dito Universitario\",\"isPartOf\":{\"@id\":\"https:\/\/sitios.ucsc.cl\/fscu\/#website\"},\"datePublished\":\"2018-03-19T17:42:23+00:00\",\"dateModified\":\"2018-03-19T17:42:23+00:00\",\"breadcrumb\":{\"@id\":\"https:\/\/sitios.ucsc.cl\/fscu\/tipos-de-credito\/#breadcrumb\"},\"inLanguage\":\"es\",\"potentialAction\":[{\"@type\":\"ReadAction\",\"target\":[\"https:\/\/sitios.ucsc.cl\/fscu\/tipos-de-credito\/\"]}]},{\"@type\":\"BreadcrumbList\",\"@id\":\"https:\/\/sitios.ucsc.cl\/fscu\/tipos-de-credito\/#breadcrumb\",\"itemListElement\":[{\"@type\":\"ListItem\",\"position\":1,\"name\":\"Inicio\",\"item\":\"https:\/\/sitios.ucsc.cl\/fscu\/\"},{\"@type\":\"ListItem\",\"position\":2,\"name\":\"Tipos de Cr\u00e9dito\"}]}]}<\/script>\n<!-- \/ Yoast SEO plugin. -->","yoast_head_json":{"title":"Tipos de Cr\u00e9dito - Fondo Solidario de Cr\u00e9dito Universitario","robots":{"index":"index","follow":"follow","max-snippet":"max-snippet:-1","max-image-preview":"max-image-preview:large","max-video-preview":"max-video-preview:-1"},"canonical":"https:\/\/sitios.ucsc.cl\/fscu\/tipos-de-credito\/","og_locale":"es_ES","og_type":"article","og_title":"Tipos de Cr\u00e9dito - Fondo Solidario de Cr\u00e9dito Universitario","og_description":"Cr\u00e9dito Fiscal Universitario: Beneficio otorgado desde el a\u00f1o 1981 hasta 1987,establecido por DFL N\u00ba 4 de 1981, cuyo per\u00edodo de cobranza se realiza en 10 \u00f3 15 a\u00f1os, dependiendo de la cantidad de UTM adeudada. Cr\u00e9dito Universitario: Beneficio entregado desde el a\u00f1o 1988 hasta 1993, regido por ley N\u00ba 18.591 de 1987, cuyo per\u00edodo de [&hellip;]","og_url":"https:\/\/sitios.ucsc.cl\/fscu\/tipos-de-credito\/","og_site_name":"Fondo Solidario de Cr\u00e9dito Universitario","twitter_card":"summary","twitter_misc":{"Tiempo de lectura":"2 minutos"},"schema":{"@context":"https:\/\/schema.org","@graph":[{"@type":"WebSite","@id":"https:\/\/sitios.ucsc.cl\/fscu\/#website","url":"https:\/\/sitios.ucsc.cl\/fscu\/","name":"Fondo Solidario de Cr\u00e9dito Universitario","description":"UCSC.CL","potentialAction":[{"@type":"SearchAction","target":{"@type":"EntryPoint","urlTemplate":"https:\/\/sitios.ucsc.cl\/fscu\/?s={search_term_string}"},"query-input":"required name=search_term_string"}],"inLanguage":"es"},{"@type":"WebPage","@id":"https:\/\/sitios.ucsc.cl\/fscu\/tipos-de-credito\/#webpage","url":"https:\/\/sitios.ucsc.cl\/fscu\/tipos-de-credito\/","name":"Tipos de Cr\u00e9dito - Fondo Solidario de Cr\u00e9dito Universitario","isPartOf":{"@id":"https:\/\/sitios.ucsc.cl\/fscu\/#website"},"datePublished":"2018-03-19T17:42:23+00:00","dateModified":"2018-03-19T17:42:23+00:00","breadcrumb":{"@id":"https:\/\/sitios.ucsc.cl\/fscu\/tipos-de-credito\/#breadcrumb"},"inLanguage":"es","potentialAction":[{"@type":"ReadAction","target":["https:\/\/sitios.ucsc.cl\/fscu\/tipos-de-credito\/"]}]},{"@type":"BreadcrumbList","@id":"https:\/\/sitios.ucsc.cl\/fscu\/tipos-de-credito\/#breadcrumb","itemListElement":[{"@type":"ListItem","position":1,"name":"Inicio","item":"https:\/\/sitios.ucsc.cl\/fscu\/"},{"@type":"ListItem","position":2,"name":"Tipos de Cr\u00e9dito"}]}]}},"_links":{"self":[{"href":"https:\/\/sitios.ucsc.cl\/fscu\/wp-json\/wp\/v2\/pages\/38"}],"collection":[{"href":"https:\/\/sitios.ucsc.cl\/fscu\/wp-json\/wp\/v2\/pages"}],"about":[{"href":"https:\/\/sitios.ucsc.cl\/fscu\/wp-json\/wp\/v2\/types\/page"}],"author":[{"embeddable":true,"href":"https:\/\/sitios.ucsc.cl\/fscu\/wp-json\/wp\/v2\/users\/20"}],"replies":[{"embeddable":true,"href":"https:\/\/sitios.ucsc.cl\/fscu\/wp-json\/wp\/v2\/comments?post=38"}],"version-history":[{"count":1,"href":"https:\/\/sitios.ucsc.cl\/fscu\/wp-json\/wp\/v2\/pages\/38\/revisions"}],"predecessor-version":[{"id":39,"href":"https:\/\/sitios.ucsc.cl\/fscu\/wp-json\/wp\/v2\/pages\/38\/revisions\/39"}],"wp:attachment":[{"href":"https:\/\/sitios.ucsc.cl\/fscu\/wp-json\/wp\/v2\/media?parent=38"}],"curies":[{"name":"wp","href":"https:\/\/api.w.org\/{rel}","templated":true}]}}