{"id":36,"date":"2018-03-19T14:41:59","date_gmt":"2018-03-19T17:41:59","guid":{"rendered":"http:\/\/sitios.ucsc.cl\/fscu\/?page_id=36"},"modified":"2018-03-19T14:41:59","modified_gmt":"2018-03-19T17:41:59","slug":"resena-historica","status":"publish","type":"page","link":"https:\/\/sitios.ucsc.cl\/fscu\/resena-historica\/","title":{"rendered":"Rese\u00f1a Hist\u00f3rica"},"content":{"rendered":"<h4>Rese\u00f1a Hist\u00f3rica La Entidad : Fondo de Cr\u00e9dito Universitario.<\/h4>\n<p>En este se expone la naturaleza, fines y objetivos del Fondo, como asimismo las funciones a desempe\u00f1ar por el Administrador de \u00e9ste, las que de acuerdo a la legislaci\u00f3n vigente determinan las funciones y procedimientos.<\/p>\n<h4>Naturaleza, Fines, Objetivos.<\/h4>\n<p><strong>Naturaleza :<\/strong> El Fondo de Cr\u00e9dito Universitario, de la Universidad Catolica de ls Ssma. Concepci\u00f3n, en adelante el \u201cFONDO\u201d, fue creado por Ley N\u00b0 18.591, Art\u00edculo 70\u00b0, publicada en el Diario Oficial de fecha 03 de Enero de 1987, reglamentado por Drecreto Supremo de Hacienda N\u00b0 816 de fecha 14 de Abril de 1988.<\/p>\n<p><strong>Fin :<\/strong> El FONDO tiene por finalidad financiar parcial o totalmente los pr\u00e9stamos que la Universidad otorgue a sus alumnos de pregrado para el pago del valor anual o semestral de su arancel.<\/p>\n<p><strong>Objetivo :<\/strong> Su objetivo fundamental es una administraci\u00f3n eficiente de los recursos financieros de que disponga, de tal forma que permita a trav\u00e9s del tiempo, que las nuevas generaciones de alumnos puedan acceder a este mismo beneficio.<\/p>\n<h4>Patrimonio y Financiamiento<\/h4>\n<p>El patrimonio del FONDO estar\u00e1 constituido por :<\/p>\n<ol>\n<li>Los recursos provenientes de Cr\u00e9dito Fiscal Universitario adeudados por los estudiantes al fisco y traspasados por s\u00f3lo Ministerio de la Ley a la Universidad Catolica de la Ssma. Concepci\u00f3n, con excepci\u00f3n de aquellos cuyos venimientos sean anteriores a 1988.<\/li>\n<li>Los aportes fiscales recibidos por la Universidad correspondientes al a\u00f1o 1987 para cr\u00e9dito universitario seg\u00fan lo dispuesto en la Ley N\u00b0 18.591, Articulo 73\u00b0.<\/li>\n<li>Los pagar\u00e9s de Tesorer\u00eda, denominados Pagar\u00e9s Universitarios, reajustados de acuerdo a la Ley de Presupuesto.<\/li>\n<li>Los Aportes y donaciones que la Universidad reciba para el FONDO.<\/li>\n<li>Los recursos que genere la propia Administraci\u00f3n del FONDO.<\/li>\n<\/ol>\n<h4>Su Administraci\u00f3n<\/h4>\n<p>La Administraci\u00f3n del FONDO por Ley est\u00e1 a cargo de un Adminitrador que es nombrado por Decreto de Rector\u00eda.<\/p>\n<p>Su administraci\u00f3n debe ser aut\u00f3noma, descentralizada y debe contemplar la contabilidad y cuenta corriente bancaria separada de la Universidad, acorde a las disposiciones emanadas de la Ley.<\/p>\n<p>Sus estados finacieros deben ser presentados cada a\u00f1o antes del 30 de junio a la Superintendencia de Valores y Seguros, previa auditoria externa.<\/p>\n","protected":false},"excerpt":{"rendered":"<p>Rese\u00f1a Hist\u00f3rica La Entidad : Fondo de Cr\u00e9dito Universitario. En este se expone la naturaleza, fines y objetivos del Fondo, como asimismo las funciones a desempe\u00f1ar por el Administrador de \u00e9ste, las que de acuerdo a la legislaci\u00f3n vigente determinan las funciones y procedimientos. Naturaleza, Fines, Objetivos. Naturaleza : El Fondo de Cr\u00e9dito Universitario, de [&hellip;]<\/p>\n","protected":false},"author":20,"featured_media":0,"parent":0,"menu_order":0,"comment_status":"closed","ping_status":"closed","template":"","meta":[],"yoast_head":"<!-- This site is optimized with the Yoast SEO plugin v18.9 - https:\/\/yoast.com\/wordpress\/plugins\/seo\/ -->\n<title>Rese\u00f1a Hist\u00f3rica - Fondo Solidario de Cr\u00e9dito Universitario<\/title>\n<meta name=\"robots\" content=\"index, follow, max-snippet:-1, max-image-preview:large, max-video-preview:-1\" \/>\n<link rel=\"canonical\" href=\"https:\/\/sitios.ucsc.cl\/fscu\/resena-historica\/\" \/>\n<meta property=\"og:locale\" content=\"es_ES\" \/>\n<meta property=\"og:type\" content=\"article\" \/>\n<meta property=\"og:title\" content=\"Rese\u00f1a Hist\u00f3rica - Fondo Solidario de Cr\u00e9dito Universitario\" \/>\n<meta property=\"og:description\" content=\"Rese\u00f1a Hist\u00f3rica La Entidad : Fondo de Cr\u00e9dito Universitario. En este se expone la naturaleza, fines y objetivos del Fondo, como asimismo las funciones a desempe\u00f1ar por el Administrador de \u00e9ste, las que de acuerdo a la legislaci\u00f3n vigente determinan las funciones y procedimientos. Naturaleza, Fines, Objetivos. Naturaleza : El Fondo de Cr\u00e9dito Universitario, de [&hellip;]\" \/>\n<meta property=\"og:url\" content=\"https:\/\/sitios.ucsc.cl\/fscu\/resena-historica\/\" \/>\n<meta property=\"og:site_name\" content=\"Fondo Solidario de Cr\u00e9dito Universitario\" \/>\n<meta name=\"twitter:card\" content=\"summary\" \/>\n<meta name=\"twitter:label1\" content=\"Tiempo de lectura\" \/>\n\t<meta name=\"twitter:data1\" content=\"2 minutos\" \/>\n<script type=\"application\/ld+json\" class=\"yoast-schema-graph\">{\"@context\":\"https:\/\/schema.org\",\"@graph\":[{\"@type\":\"WebSite\",\"@id\":\"https:\/\/sitios.ucsc.cl\/fscu\/#website\",\"url\":\"https:\/\/sitios.ucsc.cl\/fscu\/\",\"name\":\"Fondo Solidario de Cr\u00e9dito Universitario\",\"description\":\"UCSC.CL\",\"potentialAction\":[{\"@type\":\"SearchAction\",\"target\":{\"@type\":\"EntryPoint\",\"urlTemplate\":\"https:\/\/sitios.ucsc.cl\/fscu\/?s={search_term_string}\"},\"query-input\":\"required name=search_term_string\"}],\"inLanguage\":\"es\"},{\"@type\":\"WebPage\",\"@id\":\"https:\/\/sitios.ucsc.cl\/fscu\/resena-historica\/#webpage\",\"url\":\"https:\/\/sitios.ucsc.cl\/fscu\/resena-historica\/\",\"name\":\"Rese\u00f1a Hist\u00f3rica - Fondo Solidario de Cr\u00e9dito Universitario\",\"isPartOf\":{\"@id\":\"https:\/\/sitios.ucsc.cl\/fscu\/#website\"},\"datePublished\":\"2018-03-19T17:41:59+00:00\",\"dateModified\":\"2018-03-19T17:41:59+00:00\",\"breadcrumb\":{\"@id\":\"https:\/\/sitios.ucsc.cl\/fscu\/resena-historica\/#breadcrumb\"},\"inLanguage\":\"es\",\"potentialAction\":[{\"@type\":\"ReadAction\",\"target\":[\"https:\/\/sitios.ucsc.cl\/fscu\/resena-historica\/\"]}]},{\"@type\":\"BreadcrumbList\",\"@id\":\"https:\/\/sitios.ucsc.cl\/fscu\/resena-historica\/#breadcrumb\",\"itemListElement\":[{\"@type\":\"ListItem\",\"position\":1,\"name\":\"Inicio\",\"item\":\"https:\/\/sitios.ucsc.cl\/fscu\/\"},{\"@type\":\"ListItem\",\"position\":2,\"name\":\"Rese\u00f1a Hist\u00f3rica\"}]}]}<\/script>\n<!-- \/ Yoast SEO plugin. -->","yoast_head_json":{"title":"Rese\u00f1a Hist\u00f3rica - Fondo Solidario de Cr\u00e9dito Universitario","robots":{"index":"index","follow":"follow","max-snippet":"max-snippet:-1","max-image-preview":"max-image-preview:large","max-video-preview":"max-video-preview:-1"},"canonical":"https:\/\/sitios.ucsc.cl\/fscu\/resena-historica\/","og_locale":"es_ES","og_type":"article","og_title":"Rese\u00f1a Hist\u00f3rica - Fondo Solidario de Cr\u00e9dito Universitario","og_description":"Rese\u00f1a Hist\u00f3rica La Entidad : Fondo de Cr\u00e9dito Universitario. En este se expone la naturaleza, fines y objetivos del Fondo, como asimismo las funciones a desempe\u00f1ar por el Administrador de \u00e9ste, las que de acuerdo a la legislaci\u00f3n vigente determinan las funciones y procedimientos. Naturaleza, Fines, Objetivos. Naturaleza : El Fondo de Cr\u00e9dito Universitario, de [&hellip;]","og_url":"https:\/\/sitios.ucsc.cl\/fscu\/resena-historica\/","og_site_name":"Fondo Solidario de Cr\u00e9dito Universitario","twitter_card":"summary","twitter_misc":{"Tiempo de lectura":"2 minutos"},"schema":{"@context":"https:\/\/schema.org","@graph":[{"@type":"WebSite","@id":"https:\/\/sitios.ucsc.cl\/fscu\/#website","url":"https:\/\/sitios.ucsc.cl\/fscu\/","name":"Fondo Solidario de Cr\u00e9dito Universitario","description":"UCSC.CL","potentialAction":[{"@type":"SearchAction","target":{"@type":"EntryPoint","urlTemplate":"https:\/\/sitios.ucsc.cl\/fscu\/?s={search_term_string}"},"query-input":"required name=search_term_string"}],"inLanguage":"es"},{"@type":"WebPage","@id":"https:\/\/sitios.ucsc.cl\/fscu\/resena-historica\/#webpage","url":"https:\/\/sitios.ucsc.cl\/fscu\/resena-historica\/","name":"Rese\u00f1a Hist\u00f3rica - Fondo Solidario de Cr\u00e9dito Universitario","isPartOf":{"@id":"https:\/\/sitios.ucsc.cl\/fscu\/#website"},"datePublished":"2018-03-19T17:41:59+00:00","dateModified":"2018-03-19T17:41:59+00:00","breadcrumb":{"@id":"https:\/\/sitios.ucsc.cl\/fscu\/resena-historica\/#breadcrumb"},"inLanguage":"es","potentialAction":[{"@type":"ReadAction","target":["https:\/\/sitios.ucsc.cl\/fscu\/resena-historica\/"]}]},{"@type":"BreadcrumbList","@id":"https:\/\/sitios.ucsc.cl\/fscu\/resena-historica\/#breadcrumb","itemListElement":[{"@type":"ListItem","position":1,"name":"Inicio","item":"https:\/\/sitios.ucsc.cl\/fscu\/"},{"@type":"ListItem","position":2,"name":"Rese\u00f1a Hist\u00f3rica"}]}]}},"_links":{"self":[{"href":"https:\/\/sitios.ucsc.cl\/fscu\/wp-json\/wp\/v2\/pages\/36"}],"collection":[{"href":"https:\/\/sitios.ucsc.cl\/fscu\/wp-json\/wp\/v2\/pages"}],"about":[{"href":"https:\/\/sitios.ucsc.cl\/fscu\/wp-json\/wp\/v2\/types\/page"}],"author":[{"embeddable":true,"href":"https:\/\/sitios.ucsc.cl\/fscu\/wp-json\/wp\/v2\/users\/20"}],"replies":[{"embeddable":true,"href":"https:\/\/sitios.ucsc.cl\/fscu\/wp-json\/wp\/v2\/comments?post=36"}],"version-history":[{"count":1,"href":"https:\/\/sitios.ucsc.cl\/fscu\/wp-json\/wp\/v2\/pages\/36\/revisions"}],"predecessor-version":[{"id":37,"href":"https:\/\/sitios.ucsc.cl\/fscu\/wp-json\/wp\/v2\/pages\/36\/revisions\/37"}],"wp:attachment":[{"href":"https:\/\/sitios.ucsc.cl\/fscu\/wp-json\/wp\/v2\/media?parent=36"}],"curies":[{"name":"wp","href":"https:\/\/api.w.org\/{rel}","templated":true}]}}