{"id":4,"date":"2021-05-06T10:48:16","date_gmt":"2021-05-06T14:48:16","guid":{"rendered":"http:\/\/sitios.ucsc.cl\/edd\/inicio\/"},"modified":"2021-05-06T10:48:16","modified_gmt":"2021-05-06T14:48:16","slug":"inicio","status":"publish","type":"page","link":"https:\/\/sitios.ucsc.cl\/edd\/","title":{"rendered":"Inicio"},"content":{"rendered":"","protected":false},"excerpt":{"rendered":"","protected":false},"author":20,"featured_media":0,"parent":0,"menu_order":0,"comment_status":"closed","ping_status":"closed","template":"","meta":[],"yoast_head":"<!-- This site is optimized with the Yoast SEO plugin v18.9 - https:\/\/yoast.com\/wordpress\/plugins\/seo\/ -->\n<title>Inicio - Evaluaci\u00f3n de desempe\u00f1o administrativo<\/title>\n<meta name=\"robots\" content=\"noindex, follow, max-snippet:-1, max-image-preview:large, max-video-preview:-1\" \/>\n<meta property=\"og:locale\" content=\"es_ES\" \/>\n<meta property=\"og:type\" content=\"article\" \/>\n<meta property=\"og:title\" content=\"Inicio - Evaluaci\u00f3n de desempe\u00f1o administrativo\" \/>\n<meta property=\"og:url\" content=\"https:\/\/sitios.ucsc.cl\/edd\/\" \/>\n<meta property=\"og:site_name\" content=\"Evaluaci\u00f3n de desempe\u00f1o administrativo\" \/>\n<meta name=\"twitter:card\" content=\"summary\" \/>\n<script type=\"application\/ld+json\" class=\"yoast-schema-graph\">{\"@context\":\"https:\/\/schema.org\",\"@graph\":[{\"@type\":\"WebSite\",\"@id\":\"https:\/\/sitios.ucsc.cl\/edd\/#website\",\"url\":\"https:\/\/sitios.ucsc.cl\/edd\/\",\"name\":\"Evaluaci\u00f3n de desempe\u00f1o administrativo\",\"description\":\"Otro sitio m\u00e1s de Minisitios UCSC Sites\",\"potentialAction\":[{\"@type\":\"SearchAction\",\"target\":{\"@type\":\"EntryPoint\",\"urlTemplate\":\"https:\/\/sitios.ucsc.cl\/edd\/?s={search_term_string}\"},\"query-input\":\"required name=search_term_string\"}],\"inLanguage\":\"es\"},{\"@type\":\"WebPage\",\"@id\":\"https:\/\/sitios.ucsc.cl\/edd\/#webpage\",\"url\":\"https:\/\/sitios.ucsc.cl\/edd\/\",\"name\":\"Inicio - Evaluaci\u00f3n de desempe\u00f1o administrativo\",\"isPartOf\":{\"@id\":\"https:\/\/sitios.ucsc.cl\/edd\/#website\"},\"datePublished\":\"2021-05-06T14:48:16+00:00\",\"dateModified\":\"2021-05-06T14:48:16+00:00\",\"breadcrumb\":{\"@id\":\"https:\/\/sitios.ucsc.cl\/edd\/#breadcrumb\"},\"inLanguage\":\"es\",\"potentialAction\":[{\"@type\":\"ReadAction\",\"target\":[\"https:\/\/sitios.ucsc.cl\/edd\/\"]}]},{\"@type\":\"BreadcrumbList\",\"@id\":\"https:\/\/sitios.ucsc.cl\/edd\/#breadcrumb\",\"itemListElement\":[{\"@type\":\"ListItem\",\"position\":1,\"name\":\"Inicio\",\"item\":\"https:\/\/sitios.ucsc.cl\/edd\/\"},{\"@type\":\"ListItem\",\"position\":2,\"name\":\"Inicio\"}]}]}<\/script>\n<!-- \/ Yoast SEO plugin. -->","yoast_head_json":{"title":"Inicio - Evaluaci\u00f3n de desempe\u00f1o administrativo","robots":{"index":"noindex","follow":"follow","max-snippet":"max-snippet:-1","max-image-preview":"max-image-preview:large","max-video-preview":"max-video-preview:-1"},"og_locale":"es_ES","og_type":"article","og_title":"Inicio - Evaluaci\u00f3n de desempe\u00f1o administrativo","og_url":"https:\/\/sitios.ucsc.cl\/edd\/","og_site_name":"Evaluaci\u00f3n de desempe\u00f1o administrativo","twitter_card":"summary","schema":{"@context":"https:\/\/schema.org","@graph":[{"@type":"WebSite","@id":"https:\/\/sitios.ucsc.cl\/edd\/#website","url":"https:\/\/sitios.ucsc.cl\/edd\/","name":"Evaluaci\u00f3n de desempe\u00f1o administrativo","description":"Otro sitio m\u00e1s de Minisitios UCSC Sites","potentialAction":[{"@type":"SearchAction","target":{"@type":"EntryPoint","urlTemplate":"https:\/\/sitios.ucsc.cl\/edd\/?s={search_term_string}"},"query-input":"required name=search_term_string"}],"inLanguage":"es"},{"@type":"WebPage","@id":"https:\/\/sitios.ucsc.cl\/edd\/#webpage","url":"https:\/\/sitios.ucsc.cl\/edd\/","name":"Inicio - Evaluaci\u00f3n de desempe\u00f1o administrativo","isPartOf":{"@id":"https:\/\/sitios.ucsc.cl\/edd\/#website"},"datePublished":"2021-05-06T14:48:16+00:00","dateModified":"2021-05-06T14:48:16+00:00","breadcrumb":{"@id":"https:\/\/sitios.ucsc.cl\/edd\/#breadcrumb"},"inLanguage":"es","potentialAction":[{"@type":"ReadAction","target":["https:\/\/sitios.ucsc.cl\/edd\/"]}]},{"@type":"BreadcrumbList","@id":"https:\/\/sitios.ucsc.cl\/edd\/#breadcrumb","itemListElement":[{"@type":"ListItem","position":1,"name":"Inicio","item":"https:\/\/sitios.ucsc.cl\/edd\/"},{"@type":"ListItem","position":2,"name":"Inicio"}]}]}},"_links":{"self":[{"href":"https:\/\/sitios.ucsc.cl\/edd\/wp-json\/wp\/v2\/pages\/4"}],"collection":[{"href":"https:\/\/sitios.ucsc.cl\/edd\/wp-json\/wp\/v2\/pages"}],"about":[{"href":"https:\/\/sitios.ucsc.cl\/edd\/wp-json\/wp\/v2\/types\/page"}],"author":[{"embeddable":true,"href":"https:\/\/sitios.ucsc.cl\/edd\/wp-json\/wp\/v2\/users\/20"}],"replies":[{"embeddable":true,"href":"https:\/\/sitios.ucsc.cl\/edd\/wp-json\/wp\/v2\/comments?post=4"}],"version-history":[{"count":0,"href":"https:\/\/sitios.ucsc.cl\/edd\/wp-json\/wp\/v2\/pages\/4\/revisions"}],"wp:attachment":[{"href":"https:\/\/sitios.ucsc.cl\/edd\/wp-json\/wp\/v2\/media?parent=4"}],"curies":[{"name":"wp","href":"https:\/\/api.w.org\/{rel}","templated":true}]}}