{"id":3,"date":"2021-05-06T10:48:16","date_gmt":"2021-05-06T14:48:16","guid":{"rendered":"http:\/\/sitios.ucsc.cl\/edd\/contacto\/"},"modified":"2021-05-06T10:48:16","modified_gmt":"2021-05-06T14:48:16","slug":"contacto","status":"publish","type":"page","link":"https:\/\/sitios.ucsc.cl\/edd\/contacto\/","title":{"rendered":"Contacto"},"content":{"rendered":"<div id=\"respond\"><section class=\"contactform\"><form action=\"https:\/\/sitios.ucsc.cl\/edd\/wp-json\/wp\/v2\/pages\/3\" method=\"post\" id=\"contact-form\" class=\"form\"><div class=\"form-group\" id=\"contact-form-1-group\"><label for=\"contact-form-1\" class=\"control-label\">Nombre (*)<\/label><div class=\"controls\"><input  required=\"required\" class=\"w-100 form-control\" placeholder=\"Ingresa tu nombre\" type=\"text\" name=\"contact-form[name]\" id=\"contact-form-1\"><\/div><\/div><div class=\"form-group\" id=\"contact-form-3-group\"><label for=\"contact-form-3\" class=\"control-label\">Email (*)<\/label><div class=\"controls\"><input  required=\"required\" class=\"w-100 form-control\" placeholder=\"Ingresa tu direcci\u00f3n de e-mail\" type=\"email\" name=\"contact-form[email]\" id=\"contact-form-3\"><\/div><\/div><div class=\"form-group form-group-message\" id=\"contact-form-5-group\"><label for=\"contact-form-5\" class=\"control-label\">Mensaje (*)<\/label><textarea required=\"required\" class=\"w-100 form-control\" rows=\"8\" cols=\"30\" name=\"contact-form[message]\" id=\"contact-form-5\"><\/textarea><\/div><div class=\"hidden-xs-up control-group\"><input  id=\"verify\" type=\"text\" name=\"verify\" class=\" form-control\"><\/div><div class=\"hidden-xs-up control-group\"><input  value=\"contact-form-submit\" type=\"hidden\" name=\"action\" id=\"contact-form-9\" class=\" form-control\"><\/div><div class=\"hidden-xs-up control-group\"><input type=\"hidden\" id=\"contact-form_nonce\" name=\"contact-form_nonce\" value=\"02d7c3c0f4\" \/><input type=\"hidden\" name=\"_wp_http_referer\" value=\"\/edd\/wp-json\/wp\/v2\/pages\/3\" \/><\/div><div class=\"control-group control-group-submit\"><input  value=\"Enviar mensaje\" id=\"contact-submit\" class=\"btn btn-primary\" name=\"submit\" type=\"submit\"><\/div><\/form><\/section><\/div>\n","protected":false},"excerpt":{"rendered":"","protected":false},"author":20,"featured_media":0,"parent":0,"menu_order":0,"comment_status":"closed","ping_status":"closed","template":"","meta":[],"yoast_head":"<!-- This site is optimized with the Yoast SEO plugin v18.9 - https:\/\/yoast.com\/wordpress\/plugins\/seo\/ -->\n<title>Contacto - Evaluaci\u00f3n de desempe\u00f1o administrativo<\/title>\n<meta name=\"robots\" content=\"noindex, follow, max-snippet:-1, max-image-preview:large, max-video-preview:-1\" \/>\n<meta property=\"og:locale\" content=\"es_ES\" \/>\n<meta property=\"og:type\" content=\"article\" \/>\n<meta property=\"og:title\" content=\"Contacto - Evaluaci\u00f3n de desempe\u00f1o administrativo\" \/>\n<meta property=\"og:url\" content=\"https:\/\/sitios.ucsc.cl\/edd\/contacto\/\" \/>\n<meta property=\"og:site_name\" content=\"Evaluaci\u00f3n de desempe\u00f1o administrativo\" \/>\n<meta name=\"twitter:card\" content=\"summary\" \/>\n<script type=\"application\/ld+json\" class=\"yoast-schema-graph\">{\"@context\":\"https:\/\/schema.org\",\"@graph\":[{\"@type\":\"WebSite\",\"@id\":\"https:\/\/sitios.ucsc.cl\/edd\/#website\",\"url\":\"https:\/\/sitios.ucsc.cl\/edd\/\",\"name\":\"Evaluaci\u00f3n de desempe\u00f1o administrativo\",\"description\":\"Otro sitio m\u00e1s de Minisitios UCSC Sites\",\"potentialAction\":[{\"@type\":\"SearchAction\",\"target\":{\"@type\":\"EntryPoint\",\"urlTemplate\":\"https:\/\/sitios.ucsc.cl\/edd\/?s={search_term_string}\"},\"query-input\":\"required name=search_term_string\"}],\"inLanguage\":\"es\"},{\"@type\":\"WebPage\",\"@id\":\"https:\/\/sitios.ucsc.cl\/edd\/contacto\/#webpage\",\"url\":\"https:\/\/sitios.ucsc.cl\/edd\/contacto\/\",\"name\":\"Contacto - Evaluaci\u00f3n de desempe\u00f1o administrativo\",\"isPartOf\":{\"@id\":\"https:\/\/sitios.ucsc.cl\/edd\/#website\"},\"datePublished\":\"2021-05-06T14:48:16+00:00\",\"dateModified\":\"2021-05-06T14:48:16+00:00\",\"breadcrumb\":{\"@id\":\"https:\/\/sitios.ucsc.cl\/edd\/contacto\/#breadcrumb\"},\"inLanguage\":\"es\",\"potentialAction\":[{\"@type\":\"ReadAction\",\"target\":[\"https:\/\/sitios.ucsc.cl\/edd\/contacto\/\"]}]},{\"@type\":\"BreadcrumbList\",\"@id\":\"https:\/\/sitios.ucsc.cl\/edd\/contacto\/#breadcrumb\",\"itemListElement\":[{\"@type\":\"ListItem\",\"position\":1,\"name\":\"Inicio\",\"item\":\"https:\/\/sitios.ucsc.cl\/edd\/\"},{\"@type\":\"ListItem\",\"position\":2,\"name\":\"Contacto\"}]}]}<\/script>\n<!-- \/ Yoast SEO plugin. -->","yoast_head_json":{"title":"Contacto - Evaluaci\u00f3n de desempe\u00f1o administrativo","robots":{"index":"noindex","follow":"follow","max-snippet":"max-snippet:-1","max-image-preview":"max-image-preview:large","max-video-preview":"max-video-preview:-1"},"og_locale":"es_ES","og_type":"article","og_title":"Contacto - Evaluaci\u00f3n de desempe\u00f1o administrativo","og_url":"https:\/\/sitios.ucsc.cl\/edd\/contacto\/","og_site_name":"Evaluaci\u00f3n de desempe\u00f1o administrativo","twitter_card":"summary","schema":{"@context":"https:\/\/schema.org","@graph":[{"@type":"WebSite","@id":"https:\/\/sitios.ucsc.cl\/edd\/#website","url":"https:\/\/sitios.ucsc.cl\/edd\/","name":"Evaluaci\u00f3n de desempe\u00f1o administrativo","description":"Otro sitio m\u00e1s de Minisitios UCSC Sites","potentialAction":[{"@type":"SearchAction","target":{"@type":"EntryPoint","urlTemplate":"https:\/\/sitios.ucsc.cl\/edd\/?s={search_term_string}"},"query-input":"required name=search_term_string"}],"inLanguage":"es"},{"@type":"WebPage","@id":"https:\/\/sitios.ucsc.cl\/edd\/contacto\/#webpage","url":"https:\/\/sitios.ucsc.cl\/edd\/contacto\/","name":"Contacto - Evaluaci\u00f3n de desempe\u00f1o administrativo","isPartOf":{"@id":"https:\/\/sitios.ucsc.cl\/edd\/#website"},"datePublished":"2021-05-06T14:48:16+00:00","dateModified":"2021-05-06T14:48:16+00:00","breadcrumb":{"@id":"https:\/\/sitios.ucsc.cl\/edd\/contacto\/#breadcrumb"},"inLanguage":"es","potentialAction":[{"@type":"ReadAction","target":["https:\/\/sitios.ucsc.cl\/edd\/contacto\/"]}]},{"@type":"BreadcrumbList","@id":"https:\/\/sitios.ucsc.cl\/edd\/contacto\/#breadcrumb","itemListElement":[{"@type":"ListItem","position":1,"name":"Inicio","item":"https:\/\/sitios.ucsc.cl\/edd\/"},{"@type":"ListItem","position":2,"name":"Contacto"}]}]}},"_links":{"self":[{"href":"https:\/\/sitios.ucsc.cl\/edd\/wp-json\/wp\/v2\/pages\/3"}],"collection":[{"href":"https:\/\/sitios.ucsc.cl\/edd\/wp-json\/wp\/v2\/pages"}],"about":[{"href":"https:\/\/sitios.ucsc.cl\/edd\/wp-json\/wp\/v2\/types\/page"}],"author":[{"embeddable":true,"href":"https:\/\/sitios.ucsc.cl\/edd\/wp-json\/wp\/v2\/users\/20"}],"replies":[{"embeddable":true,"href":"https:\/\/sitios.ucsc.cl\/edd\/wp-json\/wp\/v2\/comments?post=3"}],"version-history":[{"count":0,"href":"https:\/\/sitios.ucsc.cl\/edd\/wp-json\/wp\/v2\/pages\/3\/revisions"}],"wp:attachment":[{"href":"https:\/\/sitios.ucsc.cl\/edd\/wp-json\/wp\/v2\/media?parent=3"}],"curies":[{"name":"wp","href":"https:\/\/api.w.org\/{rel}","templated":true}]}}