{"id":88,"date":"2020-01-29T11:49:02","date_gmt":"2020-01-29T14:49:02","guid":{"rendered":"http:\/\/sitios.ucsc.cl\/convenios\/?page_id=88"},"modified":"2020-01-29T16:14:06","modified_gmt":"2020-01-29T19:14:06","slug":"como-solicitar-el-beneficio-reembolso-de-enfermedades-cronicas","status":"publish","type":"page","link":"https:\/\/sitios.ucsc.cl\/convenios\/beneficios\/como-solicitar-el-beneficio-reembolso-de-enfermedades-cronicas\/","title":{"rendered":"\u00bfC\u00f3mo solicitar el beneficio reembolso de enfermedades cr\u00f3nicas?"},"content":{"rendered":"<h3><a href=\"http:\/\/sitios.ucsc.cl\/convenios\/como-comenzar\/\">&gt;&gt; Informate como comenzar<\/a><\/h3>\n<p>Ingrese a la secci\u00f3n &#8220;Direcci\u00f3n de gesti\u00f3n personal&#8221; =&gt; &#8220;Beneficios&#8221; =&gt; &#8220;Ingreso&#8221; seleccione en grupo beneficios &#8220;2-. cr\u00f3nicos&#8221; y luego en tipo de beneficio &#8220;12-. cr\u00f3nicos&#8221;<\/p>\n<p>Ingrese los datos que se solicitan y adjunte la documentaci\u00f3n<\/p>\n<div class=\"almedio\"><img loading=\"lazy\" class=\"alignnone wp-image-93 size-full\" src=\"http:\/\/sitios.ucsc.cl\/convenios\/wp-content\/uploads\/sites\/114\/2020\/01\/Screenshot_2020-01-29-Portal-Funcionario-Universidad-Cat\u00f3lica-de-la-Sant\u00edsima-Concepci\u00f3n5.png\" alt=\"\" width=\"1897\" height=\"757\" srcset=\"https:\/\/sitios.ucsc.cl\/convenios\/wp-content\/uploads\/sites\/114\/2020\/01\/Screenshot_2020-01-29-Portal-Funcionario-Universidad-Cat\u00f3lica-de-la-Sant\u00edsima-Concepci\u00f3n5.png 1897w, https:\/\/sitios.ucsc.cl\/convenios\/wp-content\/uploads\/sites\/114\/2020\/01\/Screenshot_2020-01-29-Portal-Funcionario-Universidad-Cat\u00f3lica-de-la-Sant\u00edsima-Concepci\u00f3n5-300x120.png 300w, https:\/\/sitios.ucsc.cl\/convenios\/wp-content\/uploads\/sites\/114\/2020\/01\/Screenshot_2020-01-29-Portal-Funcionario-Universidad-Cat\u00f3lica-de-la-Sant\u00edsima-Concepci\u00f3n5-768x306.png 768w, https:\/\/sitios.ucsc.cl\/convenios\/wp-content\/uploads\/sites\/114\/2020\/01\/Screenshot_2020-01-29-Portal-Funcionario-Universidad-Cat\u00f3lica-de-la-Sant\u00edsima-Concepci\u00f3n5-1024x409.png 1024w, https:\/\/sitios.ucsc.cl\/convenios\/wp-content\/uploads\/sites\/114\/2020\/01\/Screenshot_2020-01-29-Portal-Funcionario-Universidad-Cat\u00f3lica-de-la-Sant\u00edsima-Concepci\u00f3n5-200x80.png 200w\" sizes=\"(max-width: 1897px) 100vw, 1897px\" \/><\/div>\n","protected":false},"excerpt":{"rendered":"<p>&gt;&gt; Informate como comenzar Ingrese a la secci\u00f3n &#8220;Direcci\u00f3n de gesti\u00f3n personal&#8221; =&gt; &#8220;Beneficios&#8221; =&gt; &#8220;Ingreso&#8221; seleccione en grupo beneficios &#8220;2-. cr\u00f3nicos&#8221; y luego en tipo de beneficio &#8220;12-. cr\u00f3nicos&#8221; Ingrese los datos que se solicitan y adjunte la documentaci\u00f3n<\/p>\n","protected":false},"author":20,"featured_media":0,"parent":161,"menu_order":0,"comment_status":"closed","ping_status":"closed","template":"","meta":[],"yoast_head":"<!-- This site is optimized with the Yoast SEO plugin v18.9 - https:\/\/yoast.com\/wordpress\/plugins\/seo\/ -->\n<title>\u00bfC\u00f3mo solicitar el beneficio reembolso de enfermedades cr\u00f3nicas? - Beneficios institucionales<\/title>\n<meta name=\"robots\" content=\"index, follow, max-snippet:-1, max-image-preview:large, max-video-preview:-1\" \/>\n<link rel=\"canonical\" href=\"https:\/\/sitios.ucsc.cl\/convenios\/beneficios\/como-solicitar-el-beneficio-reembolso-de-enfermedades-cronicas\/\" \/>\n<meta property=\"og:locale\" content=\"es_ES\" \/>\n<meta property=\"og:type\" content=\"article\" \/>\n<meta property=\"og:title\" content=\"\u00bfC\u00f3mo solicitar el beneficio reembolso de enfermedades cr\u00f3nicas? - Beneficios institucionales\" \/>\n<meta property=\"og:description\" content=\"&gt;&gt; Informate como comenzar Ingrese a la secci\u00f3n &#8220;Direcci\u00f3n de gesti\u00f3n personal&#8221; =&gt; &#8220;Beneficios&#8221; =&gt; &#8220;Ingreso&#8221; seleccione en grupo beneficios &#8220;2-. cr\u00f3nicos&#8221; y luego en tipo de beneficio &#8220;12-. cr\u00f3nicos&#8221; Ingrese los datos que se solicitan y adjunte la documentaci\u00f3n\" \/>\n<meta property=\"og:url\" content=\"https:\/\/sitios.ucsc.cl\/convenios\/beneficios\/como-solicitar-el-beneficio-reembolso-de-enfermedades-cronicas\/\" \/>\n<meta property=\"og:site_name\" content=\"Beneficios institucionales\" \/>\n<meta property=\"article:modified_time\" content=\"2020-01-29T19:14:06+00:00\" \/>\n<meta name=\"twitter:card\" content=\"summary\" \/>\n<script type=\"application\/ld+json\" class=\"yoast-schema-graph\">{\"@context\":\"https:\/\/schema.org\",\"@graph\":[{\"@type\":\"WebSite\",\"@id\":\"https:\/\/sitios.ucsc.cl\/convenios\/#website\",\"url\":\"https:\/\/sitios.ucsc.cl\/convenios\/\",\"name\":\"Beneficios institucionales\",\"description\":\"\",\"potentialAction\":[{\"@type\":\"SearchAction\",\"target\":{\"@type\":\"EntryPoint\",\"urlTemplate\":\"https:\/\/sitios.ucsc.cl\/convenios\/?s={search_term_string}\"},\"query-input\":\"required name=search_term_string\"}],\"inLanguage\":\"es\"},{\"@type\":\"WebPage\",\"@id\":\"https:\/\/sitios.ucsc.cl\/convenios\/beneficios\/como-solicitar-el-beneficio-reembolso-de-enfermedades-cronicas\/#webpage\",\"url\":\"https:\/\/sitios.ucsc.cl\/convenios\/beneficios\/como-solicitar-el-beneficio-reembolso-de-enfermedades-cronicas\/\",\"name\":\"\u00bfC\u00f3mo solicitar el beneficio reembolso de enfermedades cr\u00f3nicas? - Beneficios institucionales\",\"isPartOf\":{\"@id\":\"https:\/\/sitios.ucsc.cl\/convenios\/#website\"},\"datePublished\":\"2020-01-29T14:49:02+00:00\",\"dateModified\":\"2020-01-29T19:14:06+00:00\",\"breadcrumb\":{\"@id\":\"https:\/\/sitios.ucsc.cl\/convenios\/beneficios\/como-solicitar-el-beneficio-reembolso-de-enfermedades-cronicas\/#breadcrumb\"},\"inLanguage\":\"es\",\"potentialAction\":[{\"@type\":\"ReadAction\",\"target\":[\"https:\/\/sitios.ucsc.cl\/convenios\/beneficios\/como-solicitar-el-beneficio-reembolso-de-enfermedades-cronicas\/\"]}]},{\"@type\":\"BreadcrumbList\",\"@id\":\"https:\/\/sitios.ucsc.cl\/convenios\/beneficios\/como-solicitar-el-beneficio-reembolso-de-enfermedades-cronicas\/#breadcrumb\",\"itemListElement\":[{\"@type\":\"ListItem\",\"position\":1,\"name\":\"Inicio\",\"item\":\"https:\/\/sitios.ucsc.cl\/convenios\/\"},{\"@type\":\"ListItem\",\"position\":2,\"name\":\"Beneficios\",\"item\":\"https:\/\/sitios.ucsc.cl\/convenios\/beneficios\/\"},{\"@type\":\"ListItem\",\"position\":3,\"name\":\"\u00bfC\u00f3mo solicitar el beneficio reembolso de enfermedades cr\u00f3nicas?\"}]}]}<\/script>\n<!-- \/ Yoast SEO plugin. -->","yoast_head_json":{"title":"\u00bfC\u00f3mo solicitar el beneficio reembolso de enfermedades cr\u00f3nicas? - Beneficios institucionales","robots":{"index":"index","follow":"follow","max-snippet":"max-snippet:-1","max-image-preview":"max-image-preview:large","max-video-preview":"max-video-preview:-1"},"canonical":"https:\/\/sitios.ucsc.cl\/convenios\/beneficios\/como-solicitar-el-beneficio-reembolso-de-enfermedades-cronicas\/","og_locale":"es_ES","og_type":"article","og_title":"\u00bfC\u00f3mo solicitar el beneficio reembolso de enfermedades cr\u00f3nicas? - Beneficios institucionales","og_description":"&gt;&gt; Informate como comenzar Ingrese a la secci\u00f3n &#8220;Direcci\u00f3n de gesti\u00f3n personal&#8221; =&gt; &#8220;Beneficios&#8221; =&gt; &#8220;Ingreso&#8221; seleccione en grupo beneficios &#8220;2-. cr\u00f3nicos&#8221; y luego en tipo de beneficio &#8220;12-. cr\u00f3nicos&#8221; Ingrese los datos que se solicitan y adjunte la documentaci\u00f3n","og_url":"https:\/\/sitios.ucsc.cl\/convenios\/beneficios\/como-solicitar-el-beneficio-reembolso-de-enfermedades-cronicas\/","og_site_name":"Beneficios institucionales","article_modified_time":"2020-01-29T19:14:06+00:00","twitter_card":"summary","schema":{"@context":"https:\/\/schema.org","@graph":[{"@type":"WebSite","@id":"https:\/\/sitios.ucsc.cl\/convenios\/#website","url":"https:\/\/sitios.ucsc.cl\/convenios\/","name":"Beneficios institucionales","description":"","potentialAction":[{"@type":"SearchAction","target":{"@type":"EntryPoint","urlTemplate":"https:\/\/sitios.ucsc.cl\/convenios\/?s={search_term_string}"},"query-input":"required name=search_term_string"}],"inLanguage":"es"},{"@type":"WebPage","@id":"https:\/\/sitios.ucsc.cl\/convenios\/beneficios\/como-solicitar-el-beneficio-reembolso-de-enfermedades-cronicas\/#webpage","url":"https:\/\/sitios.ucsc.cl\/convenios\/beneficios\/como-solicitar-el-beneficio-reembolso-de-enfermedades-cronicas\/","name":"\u00bfC\u00f3mo solicitar el beneficio reembolso de enfermedades cr\u00f3nicas? - Beneficios institucionales","isPartOf":{"@id":"https:\/\/sitios.ucsc.cl\/convenios\/#website"},"datePublished":"2020-01-29T14:49:02+00:00","dateModified":"2020-01-29T19:14:06+00:00","breadcrumb":{"@id":"https:\/\/sitios.ucsc.cl\/convenios\/beneficios\/como-solicitar-el-beneficio-reembolso-de-enfermedades-cronicas\/#breadcrumb"},"inLanguage":"es","potentialAction":[{"@type":"ReadAction","target":["https:\/\/sitios.ucsc.cl\/convenios\/beneficios\/como-solicitar-el-beneficio-reembolso-de-enfermedades-cronicas\/"]}]},{"@type":"BreadcrumbList","@id":"https:\/\/sitios.ucsc.cl\/convenios\/beneficios\/como-solicitar-el-beneficio-reembolso-de-enfermedades-cronicas\/#breadcrumb","itemListElement":[{"@type":"ListItem","position":1,"name":"Inicio","item":"https:\/\/sitios.ucsc.cl\/convenios\/"},{"@type":"ListItem","position":2,"name":"Beneficios","item":"https:\/\/sitios.ucsc.cl\/convenios\/beneficios\/"},{"@type":"ListItem","position":3,"name":"\u00bfC\u00f3mo solicitar el beneficio reembolso de enfermedades cr\u00f3nicas?"}]}]}},"_links":{"self":[{"href":"https:\/\/sitios.ucsc.cl\/convenios\/wp-json\/wp\/v2\/pages\/88"}],"collection":[{"href":"https:\/\/sitios.ucsc.cl\/convenios\/wp-json\/wp\/v2\/pages"}],"about":[{"href":"https:\/\/sitios.ucsc.cl\/convenios\/wp-json\/wp\/v2\/types\/page"}],"author":[{"embeddable":true,"href":"https:\/\/sitios.ucsc.cl\/convenios\/wp-json\/wp\/v2\/users\/20"}],"replies":[{"embeddable":true,"href":"https:\/\/sitios.ucsc.cl\/convenios\/wp-json\/wp\/v2\/comments?post=88"}],"version-history":[{"count":10,"href":"https:\/\/sitios.ucsc.cl\/convenios\/wp-json\/wp\/v2\/pages\/88\/revisions"}],"predecessor-version":[{"id":165,"href":"https:\/\/sitios.ucsc.cl\/convenios\/wp-json\/wp\/v2\/pages\/88\/revisions\/165"}],"up":[{"embeddable":true,"href":"https:\/\/sitios.ucsc.cl\/convenios\/wp-json\/wp\/v2\/pages\/161"}],"wp:attachment":[{"href":"https:\/\/sitios.ucsc.cl\/convenios\/wp-json\/wp\/v2\/media?parent=88"}],"curies":[{"name":"wp","href":"https:\/\/api.w.org\/{rel}","templated":true}]}}