{"id":73,"date":"2020-01-29T11:31:34","date_gmt":"2020-01-29T14:31:34","guid":{"rendered":"http:\/\/sitios.ucsc.cl\/convenios\/?page_id=73"},"modified":"2020-01-29T16:51:29","modified_gmt":"2020-01-29T19:51:29","slug":"como-comenzar","status":"publish","type":"page","link":"https:\/\/sitios.ucsc.cl\/convenios\/beneficios\/como-comenzar\/","title":{"rendered":"Solicita tus beneficios aqu\u00ed.."},"content":{"rendered":"<p>Ingrese al Portal institucional con sus credenciales de acceso a trav\u00e9s de la url: <strong><a href=\"https:\/\/portal.ucsc.cl\" target=\"_blank\" rel=\"noopener\">https:\/\/portal.ucsc.cl<\/a><\/strong><\/p>\n<div class=\"almedio\">\n<p><img loading=\"lazy\" class=\"alignnone size-medium wp-image-28\" src=\"http:\/\/sitios.ucsc.cl\/convenios\/wp-content\/uploads\/sites\/114\/2020\/01\/Screenshot_2020-01-29-Portal-Institucional-UCSC-226x300.png\" alt=\"\" width=\"226\" height=\"300\" srcset=\"https:\/\/sitios.ucsc.cl\/convenios\/wp-content\/uploads\/sites\/114\/2020\/01\/Screenshot_2020-01-29-Portal-Institucional-UCSC-226x300.png 226w, https:\/\/sitios.ucsc.cl\/convenios\/wp-content\/uploads\/sites\/114\/2020\/01\/Screenshot_2020-01-29-Portal-Institucional-UCSC-151x200.png 151w, https:\/\/sitios.ucsc.cl\/convenios\/wp-content\/uploads\/sites\/114\/2020\/01\/Screenshot_2020-01-29-Portal-Institucional-UCSC.png 437w\" sizes=\"(max-width: 226px) 100vw, 226px\" \/><\/p>\n<\/div>\n<p>&nbsp;<\/p>\n<p>A trav\u00e9s del menu de aplicaciones =&gt; personal encontrar\u00e1 la aplicaci\u00f3n Solicitudes administrativas la cual debe clickear.<\/p>\n<div class=\"almedio\">\n<p><img loading=\"lazy\" class=\"alignnone size-full wp-image-56\" src=\"http:\/\/sitios.ucsc.cl\/convenios\/wp-content\/uploads\/sites\/114\/2020\/01\/aqw.jpg\" alt=\"\" width=\"1886\" height=\"383\" srcset=\"https:\/\/sitios.ucsc.cl\/convenios\/wp-content\/uploads\/sites\/114\/2020\/01\/aqw.jpg 1886w, https:\/\/sitios.ucsc.cl\/convenios\/wp-content\/uploads\/sites\/114\/2020\/01\/aqw-300x61.jpg 300w, https:\/\/sitios.ucsc.cl\/convenios\/wp-content\/uploads\/sites\/114\/2020\/01\/aqw-768x156.jpg 768w, https:\/\/sitios.ucsc.cl\/convenios\/wp-content\/uploads\/sites\/114\/2020\/01\/aqw-1024x208.jpg 1024w, https:\/\/sitios.ucsc.cl\/convenios\/wp-content\/uploads\/sites\/114\/2020\/01\/aqw-200x41.jpg 200w\" sizes=\"(max-width: 1886px) 100vw, 1886px\" \/><\/p>\n<\/div>\n","protected":false},"excerpt":{"rendered":"<p>Ingrese al Portal institucional con sus credenciales de acceso a trav\u00e9s de la url: https:\/\/portal.ucsc.cl &nbsp; A trav\u00e9s del menu de aplicaciones =&gt; personal encontrar\u00e1 la aplicaci\u00f3n Solicitudes administrativas la cual debe clickear.<\/p>\n","protected":false},"author":20,"featured_media":0,"parent":161,"menu_order":0,"comment_status":"closed","ping_status":"closed","template":"","meta":[],"yoast_head":"<!-- This site is optimized with the Yoast SEO plugin v18.9 - https:\/\/yoast.com\/wordpress\/plugins\/seo\/ -->\n<title>Solicita tus beneficios aqu\u00ed.. - Beneficios institucionales<\/title>\n<meta name=\"robots\" content=\"index, follow, max-snippet:-1, max-image-preview:large, max-video-preview:-1\" \/>\n<link rel=\"canonical\" href=\"https:\/\/sitios.ucsc.cl\/convenios\/beneficios\/como-comenzar\/\" \/>\n<meta property=\"og:locale\" content=\"es_ES\" \/>\n<meta property=\"og:type\" content=\"article\" \/>\n<meta property=\"og:title\" content=\"Solicita tus beneficios aqu\u00ed.. - Beneficios institucionales\" \/>\n<meta property=\"og:description\" content=\"Ingrese al Portal institucional con sus credenciales de acceso a trav\u00e9s de la url: https:\/\/portal.ucsc.cl &nbsp; A trav\u00e9s del menu de aplicaciones =&gt; personal encontrar\u00e1 la aplicaci\u00f3n Solicitudes administrativas la cual debe clickear.\" \/>\n<meta property=\"og:url\" content=\"https:\/\/sitios.ucsc.cl\/convenios\/beneficios\/como-comenzar\/\" \/>\n<meta property=\"og:site_name\" content=\"Beneficios institucionales\" \/>\n<meta property=\"article:modified_time\" content=\"2020-01-29T19:51:29+00:00\" \/>\n<meta property=\"og:image\" content=\"http:\/\/sitios.ucsc.cl\/convenios\/wp-content\/uploads\/sites\/114\/2020\/01\/Screenshot_2020-01-29-Portal-Institucional-UCSC-226x300.png\" \/>\n<meta name=\"twitter:card\" content=\"summary\" \/>\n<script type=\"application\/ld+json\" class=\"yoast-schema-graph\">{\"@context\":\"https:\/\/schema.org\",\"@graph\":[{\"@type\":\"WebSite\",\"@id\":\"https:\/\/sitios.ucsc.cl\/convenios\/#website\",\"url\":\"https:\/\/sitios.ucsc.cl\/convenios\/\",\"name\":\"Beneficios institucionales\",\"description\":\"\",\"potentialAction\":[{\"@type\":\"SearchAction\",\"target\":{\"@type\":\"EntryPoint\",\"urlTemplate\":\"https:\/\/sitios.ucsc.cl\/convenios\/?s={search_term_string}\"},\"query-input\":\"required name=search_term_string\"}],\"inLanguage\":\"es\"},{\"@type\":\"ImageObject\",\"inLanguage\":\"es\",\"@id\":\"https:\/\/sitios.ucsc.cl\/convenios\/beneficios\/como-comenzar\/#primaryimage\",\"url\":\"https:\/\/sitios.ucsc.cl\/convenios\/wp-content\/uploads\/sites\/114\/2020\/01\/Screenshot_2020-01-29-Portal-Institucional-UCSC.png\",\"contentUrl\":\"https:\/\/sitios.ucsc.cl\/convenios\/wp-content\/uploads\/sites\/114\/2020\/01\/Screenshot_2020-01-29-Portal-Institucional-UCSC.png\",\"width\":437,\"height\":580},{\"@type\":\"WebPage\",\"@id\":\"https:\/\/sitios.ucsc.cl\/convenios\/beneficios\/como-comenzar\/#webpage\",\"url\":\"https:\/\/sitios.ucsc.cl\/convenios\/beneficios\/como-comenzar\/\",\"name\":\"Solicita tus beneficios aqu\u00ed.. - Beneficios institucionales\",\"isPartOf\":{\"@id\":\"https:\/\/sitios.ucsc.cl\/convenios\/#website\"},\"primaryImageOfPage\":{\"@id\":\"https:\/\/sitios.ucsc.cl\/convenios\/beneficios\/como-comenzar\/#primaryimage\"},\"datePublished\":\"2020-01-29T14:31:34+00:00\",\"dateModified\":\"2020-01-29T19:51:29+00:00\",\"breadcrumb\":{\"@id\":\"https:\/\/sitios.ucsc.cl\/convenios\/beneficios\/como-comenzar\/#breadcrumb\"},\"inLanguage\":\"es\",\"potentialAction\":[{\"@type\":\"ReadAction\",\"target\":[\"https:\/\/sitios.ucsc.cl\/convenios\/beneficios\/como-comenzar\/\"]}]},{\"@type\":\"BreadcrumbList\",\"@id\":\"https:\/\/sitios.ucsc.cl\/convenios\/beneficios\/como-comenzar\/#breadcrumb\",\"itemListElement\":[{\"@type\":\"ListItem\",\"position\":1,\"name\":\"Inicio\",\"item\":\"https:\/\/sitios.ucsc.cl\/convenios\/\"},{\"@type\":\"ListItem\",\"position\":2,\"name\":\"Beneficios\",\"item\":\"https:\/\/sitios.ucsc.cl\/convenios\/beneficios\/\"},{\"@type\":\"ListItem\",\"position\":3,\"name\":\"Solicita tus beneficios aqu\u00ed..\"}]}]}<\/script>\n<!-- \/ Yoast SEO plugin. -->","yoast_head_json":{"title":"Solicita tus beneficios aqu\u00ed.. - Beneficios institucionales","robots":{"index":"index","follow":"follow","max-snippet":"max-snippet:-1","max-image-preview":"max-image-preview:large","max-video-preview":"max-video-preview:-1"},"canonical":"https:\/\/sitios.ucsc.cl\/convenios\/beneficios\/como-comenzar\/","og_locale":"es_ES","og_type":"article","og_title":"Solicita tus beneficios aqu\u00ed.. - Beneficios institucionales","og_description":"Ingrese al Portal institucional con sus credenciales de acceso a trav\u00e9s de la url: https:\/\/portal.ucsc.cl &nbsp; A trav\u00e9s del menu de aplicaciones =&gt; personal encontrar\u00e1 la aplicaci\u00f3n Solicitudes administrativas la cual debe clickear.","og_url":"https:\/\/sitios.ucsc.cl\/convenios\/beneficios\/como-comenzar\/","og_site_name":"Beneficios institucionales","article_modified_time":"2020-01-29T19:51:29+00:00","og_image":[{"url":"http:\/\/sitios.ucsc.cl\/convenios\/wp-content\/uploads\/sites\/114\/2020\/01\/Screenshot_2020-01-29-Portal-Institucional-UCSC-226x300.png"}],"twitter_card":"summary","schema":{"@context":"https:\/\/schema.org","@graph":[{"@type":"WebSite","@id":"https:\/\/sitios.ucsc.cl\/convenios\/#website","url":"https:\/\/sitios.ucsc.cl\/convenios\/","name":"Beneficios institucionales","description":"","potentialAction":[{"@type":"SearchAction","target":{"@type":"EntryPoint","urlTemplate":"https:\/\/sitios.ucsc.cl\/convenios\/?s={search_term_string}"},"query-input":"required name=search_term_string"}],"inLanguage":"es"},{"@type":"ImageObject","inLanguage":"es","@id":"https:\/\/sitios.ucsc.cl\/convenios\/beneficios\/como-comenzar\/#primaryimage","url":"https:\/\/sitios.ucsc.cl\/convenios\/wp-content\/uploads\/sites\/114\/2020\/01\/Screenshot_2020-01-29-Portal-Institucional-UCSC.png","contentUrl":"https:\/\/sitios.ucsc.cl\/convenios\/wp-content\/uploads\/sites\/114\/2020\/01\/Screenshot_2020-01-29-Portal-Institucional-UCSC.png","width":437,"height":580},{"@type":"WebPage","@id":"https:\/\/sitios.ucsc.cl\/convenios\/beneficios\/como-comenzar\/#webpage","url":"https:\/\/sitios.ucsc.cl\/convenios\/beneficios\/como-comenzar\/","name":"Solicita tus beneficios aqu\u00ed.. - Beneficios institucionales","isPartOf":{"@id":"https:\/\/sitios.ucsc.cl\/convenios\/#website"},"primaryImageOfPage":{"@id":"https:\/\/sitios.ucsc.cl\/convenios\/beneficios\/como-comenzar\/#primaryimage"},"datePublished":"2020-01-29T14:31:34+00:00","dateModified":"2020-01-29T19:51:29+00:00","breadcrumb":{"@id":"https:\/\/sitios.ucsc.cl\/convenios\/beneficios\/como-comenzar\/#breadcrumb"},"inLanguage":"es","potentialAction":[{"@type":"ReadAction","target":["https:\/\/sitios.ucsc.cl\/convenios\/beneficios\/como-comenzar\/"]}]},{"@type":"BreadcrumbList","@id":"https:\/\/sitios.ucsc.cl\/convenios\/beneficios\/como-comenzar\/#breadcrumb","itemListElement":[{"@type":"ListItem","position":1,"name":"Inicio","item":"https:\/\/sitios.ucsc.cl\/convenios\/"},{"@type":"ListItem","position":2,"name":"Beneficios","item":"https:\/\/sitios.ucsc.cl\/convenios\/beneficios\/"},{"@type":"ListItem","position":3,"name":"Solicita tus beneficios aqu\u00ed.."}]}]}},"_links":{"self":[{"href":"https:\/\/sitios.ucsc.cl\/convenios\/wp-json\/wp\/v2\/pages\/73"}],"collection":[{"href":"https:\/\/sitios.ucsc.cl\/convenios\/wp-json\/wp\/v2\/pages"}],"about":[{"href":"https:\/\/sitios.ucsc.cl\/convenios\/wp-json\/wp\/v2\/types\/page"}],"author":[{"embeddable":true,"href":"https:\/\/sitios.ucsc.cl\/convenios\/wp-json\/wp\/v2\/users\/20"}],"replies":[{"embeddable":true,"href":"https:\/\/sitios.ucsc.cl\/convenios\/wp-json\/wp\/v2\/comments?post=73"}],"version-history":[{"count":4,"href":"https:\/\/sitios.ucsc.cl\/convenios\/wp-json\/wp\/v2\/pages\/73\/revisions"}],"predecessor-version":[{"id":179,"href":"https:\/\/sitios.ucsc.cl\/convenios\/wp-json\/wp\/v2\/pages\/73\/revisions\/179"}],"up":[{"embeddable":true,"href":"https:\/\/sitios.ucsc.cl\/convenios\/wp-json\/wp\/v2\/pages\/161"}],"wp:attachment":[{"href":"https:\/\/sitios.ucsc.cl\/convenios\/wp-json\/wp\/v2\/media?parent=73"}],"curies":[{"name":"wp","href":"https:\/\/api.w.org\/{rel}","templated":true}]}}