{"id":69,"date":"2020-01-29T11:26:56","date_gmt":"2020-01-29T14:26:56","guid":{"rendered":"http:\/\/sitios.ucsc.cl\/convenios\/?page_id=69"},"modified":"2020-01-29T14:29:06","modified_gmt":"2020-01-29T17:29:06","slug":"como-postular-al-beneficio-jardin-infantil-de-2-a-4-anos","status":"publish","type":"page","link":"https:\/\/sitios.ucsc.cl\/convenios\/como-postular-al-beneficio-jardin-infantil-de-2-a-4-anos\/","title":{"rendered":"\u00bfC\u00f3mo postular al beneficio jard\u00edn infantil de 2 a 4 a\u00f1os?"},"content":{"rendered":"<h3><a href=\"http:\/\/sitios.ucsc.cl\/convenios\/como-comenzar\/\">>> Informate como comenzar<\/a><\/h3>\n<p>Ingrese a la secci\u00f3n &#8220;Direcci\u00f3n de Gesti\u00f3n Personal&#8221; =&gt; &#8220;Beneficio&#8221; =&gt; &#8220;Ingreso&#8221; seleccione en grupo beneficios &#8220;5-. Protecci\u00f3n a la maternidad&#8221; y luego en tipo de beneficio &#8220;Jardin infantil de 2 a 4 a\u00f1os&#8221;<\/p>\n<div class=\"almedio\">\n<p><img loading=\"lazy\" class=\"alignnone size-full wp-image-76\" src=\"http:\/\/sitios.ucsc.cl\/convenios\/wp-content\/uploads\/sites\/114\/2020\/01\/Screenshot_2020-01-29-Portal-Funcionario-Universidad-Cat\u00f3lica-de-la-Sant\u00edsima-Concepci\u00f3n3.png\" alt=\"\" width=\"1918\" height=\"475\" srcset=\"https:\/\/sitios.ucsc.cl\/convenios\/wp-content\/uploads\/sites\/114\/2020\/01\/Screenshot_2020-01-29-Portal-Funcionario-Universidad-Cat\u00f3lica-de-la-Sant\u00edsima-Concepci\u00f3n3.png 1918w, https:\/\/sitios.ucsc.cl\/convenios\/wp-content\/uploads\/sites\/114\/2020\/01\/Screenshot_2020-01-29-Portal-Funcionario-Universidad-Cat\u00f3lica-de-la-Sant\u00edsima-Concepci\u00f3n3-300x74.png 300w, https:\/\/sitios.ucsc.cl\/convenios\/wp-content\/uploads\/sites\/114\/2020\/01\/Screenshot_2020-01-29-Portal-Funcionario-Universidad-Cat\u00f3lica-de-la-Sant\u00edsima-Concepci\u00f3n3-768x190.png 768w, https:\/\/sitios.ucsc.cl\/convenios\/wp-content\/uploads\/sites\/114\/2020\/01\/Screenshot_2020-01-29-Portal-Funcionario-Universidad-Cat\u00f3lica-de-la-Sant\u00edsima-Concepci\u00f3n3-1024x254.png 1024w, https:\/\/sitios.ucsc.cl\/convenios\/wp-content\/uploads\/sites\/114\/2020\/01\/Screenshot_2020-01-29-Portal-Funcionario-Universidad-Cat\u00f3lica-de-la-Sant\u00edsima-Concepci\u00f3n3-200x50.png 200w\" sizes=\"(max-width: 1918px) 100vw, 1918px\" \/><\/p>\n<\/div>\n<p>&nbsp;<\/p>\n<p>Ingrese los datos solicitados y adjunte la documentaci\u00f3n que se solicita<\/p>\n<div class=\"almedio\">\n<p><img loading=\"lazy\" class=\"alignnone size-full wp-image-78\" src=\"http:\/\/sitios.ucsc.cl\/convenios\/wp-content\/uploads\/sites\/114\/2020\/01\/Screenshot_2020-01-29-Portal-Funcionario-Universidad-Cat\u00f3lica-de-la-Sant\u00edsima-Concepci\u00f3n4.png\" alt=\"\" width=\"1216\" height=\"582\" srcset=\"https:\/\/sitios.ucsc.cl\/convenios\/wp-content\/uploads\/sites\/114\/2020\/01\/Screenshot_2020-01-29-Portal-Funcionario-Universidad-Cat\u00f3lica-de-la-Sant\u00edsima-Concepci\u00f3n4.png 1216w, https:\/\/sitios.ucsc.cl\/convenios\/wp-content\/uploads\/sites\/114\/2020\/01\/Screenshot_2020-01-29-Portal-Funcionario-Universidad-Cat\u00f3lica-de-la-Sant\u00edsima-Concepci\u00f3n4-300x144.png 300w, https:\/\/sitios.ucsc.cl\/convenios\/wp-content\/uploads\/sites\/114\/2020\/01\/Screenshot_2020-01-29-Portal-Funcionario-Universidad-Cat\u00f3lica-de-la-Sant\u00edsima-Concepci\u00f3n4-768x368.png 768w, https:\/\/sitios.ucsc.cl\/convenios\/wp-content\/uploads\/sites\/114\/2020\/01\/Screenshot_2020-01-29-Portal-Funcionario-Universidad-Cat\u00f3lica-de-la-Sant\u00edsima-Concepci\u00f3n4-1024x490.png 1024w, https:\/\/sitios.ucsc.cl\/convenios\/wp-content\/uploads\/sites\/114\/2020\/01\/Screenshot_2020-01-29-Portal-Funcionario-Universidad-Cat\u00f3lica-de-la-Sant\u00edsima-Concepci\u00f3n4-200x96.png 200w\" sizes=\"(max-width: 1216px) 100vw, 1216px\" \/><\/p>\n<\/div>\n","protected":false},"excerpt":{"rendered":"<p>>> Informate como comenzar Ingrese a la secci\u00f3n &#8220;Direcci\u00f3n de Gesti\u00f3n Personal&#8221; =&gt; &#8220;Beneficio&#8221; =&gt; &#8220;Ingreso&#8221; seleccione en grupo beneficios &#8220;5-. Protecci\u00f3n a la maternidad&#8221; y luego en tipo de beneficio &#8220;Jardin infantil de 2 a 4 a\u00f1os&#8221; &nbsp; Ingrese los datos solicitados y adjunte la documentaci\u00f3n que se solicita<\/p>\n","protected":false},"author":20,"featured_media":0,"parent":0,"menu_order":0,"comment_status":"closed","ping_status":"closed","template":"","meta":[],"yoast_head":"<!-- This site is optimized with the Yoast SEO plugin v18.9 - https:\/\/yoast.com\/wordpress\/plugins\/seo\/ -->\n<title>\u00bfC\u00f3mo postular al beneficio jard\u00edn infantil de 2 a 4 a\u00f1os? - Beneficios institucionales<\/title>\n<meta name=\"robots\" content=\"index, follow, max-snippet:-1, max-image-preview:large, max-video-preview:-1\" \/>\n<link rel=\"canonical\" href=\"https:\/\/sitios.ucsc.cl\/convenios\/como-postular-al-beneficio-jardin-infantil-de-2-a-4-anos\/\" \/>\n<meta property=\"og:locale\" content=\"es_ES\" \/>\n<meta property=\"og:type\" content=\"article\" \/>\n<meta property=\"og:title\" content=\"\u00bfC\u00f3mo postular al beneficio jard\u00edn infantil de 2 a 4 a\u00f1os? - Beneficios institucionales\" \/>\n<meta property=\"og:description\" content=\"&gt;&gt; Informate como comenzar Ingrese a la secci\u00f3n &#8220;Direcci\u00f3n de Gesti\u00f3n Personal&#8221; =&gt; &#8220;Beneficio&#8221; =&gt; &#8220;Ingreso&#8221; seleccione en grupo beneficios &#8220;5-. Protecci\u00f3n a la maternidad&#8221; y luego en tipo de beneficio &#8220;Jardin infantil de 2 a 4 a\u00f1os&#8221; &nbsp; Ingrese los datos solicitados y adjunte la documentaci\u00f3n que se solicita\" \/>\n<meta property=\"og:url\" content=\"https:\/\/sitios.ucsc.cl\/convenios\/como-postular-al-beneficio-jardin-infantil-de-2-a-4-anos\/\" \/>\n<meta property=\"og:site_name\" content=\"Beneficios institucionales\" \/>\n<meta property=\"article:modified_time\" content=\"2020-01-29T17:29:06+00:00\" \/>\n<meta name=\"twitter:card\" content=\"summary\" \/>\n<script type=\"application\/ld+json\" class=\"yoast-schema-graph\">{\"@context\":\"https:\/\/schema.org\",\"@graph\":[{\"@type\":\"WebSite\",\"@id\":\"https:\/\/sitios.ucsc.cl\/convenios\/#website\",\"url\":\"https:\/\/sitios.ucsc.cl\/convenios\/\",\"name\":\"Beneficios institucionales\",\"description\":\"\",\"potentialAction\":[{\"@type\":\"SearchAction\",\"target\":{\"@type\":\"EntryPoint\",\"urlTemplate\":\"https:\/\/sitios.ucsc.cl\/convenios\/?s={search_term_string}\"},\"query-input\":\"required name=search_term_string\"}],\"inLanguage\":\"es\"},{\"@type\":\"WebPage\",\"@id\":\"https:\/\/sitios.ucsc.cl\/convenios\/como-postular-al-beneficio-jardin-infantil-de-2-a-4-anos\/#webpage\",\"url\":\"https:\/\/sitios.ucsc.cl\/convenios\/como-postular-al-beneficio-jardin-infantil-de-2-a-4-anos\/\",\"name\":\"\u00bfC\u00f3mo postular al beneficio jard\u00edn infantil de 2 a 4 a\u00f1os? - Beneficios institucionales\",\"isPartOf\":{\"@id\":\"https:\/\/sitios.ucsc.cl\/convenios\/#website\"},\"datePublished\":\"2020-01-29T14:26:56+00:00\",\"dateModified\":\"2020-01-29T17:29:06+00:00\",\"breadcrumb\":{\"@id\":\"https:\/\/sitios.ucsc.cl\/convenios\/como-postular-al-beneficio-jardin-infantil-de-2-a-4-anos\/#breadcrumb\"},\"inLanguage\":\"es\",\"potentialAction\":[{\"@type\":\"ReadAction\",\"target\":[\"https:\/\/sitios.ucsc.cl\/convenios\/como-postular-al-beneficio-jardin-infantil-de-2-a-4-anos\/\"]}]},{\"@type\":\"BreadcrumbList\",\"@id\":\"https:\/\/sitios.ucsc.cl\/convenios\/como-postular-al-beneficio-jardin-infantil-de-2-a-4-anos\/#breadcrumb\",\"itemListElement\":[{\"@type\":\"ListItem\",\"position\":1,\"name\":\"Inicio\",\"item\":\"https:\/\/sitios.ucsc.cl\/convenios\/\"},{\"@type\":\"ListItem\",\"position\":2,\"name\":\"\u00bfC\u00f3mo postular al beneficio jard\u00edn infantil de 2 a 4 a\u00f1os?\"}]}]}<\/script>\n<!-- \/ Yoast SEO plugin. -->","yoast_head_json":{"title":"\u00bfC\u00f3mo postular al beneficio jard\u00edn infantil de 2 a 4 a\u00f1os? - Beneficios institucionales","robots":{"index":"index","follow":"follow","max-snippet":"max-snippet:-1","max-image-preview":"max-image-preview:large","max-video-preview":"max-video-preview:-1"},"canonical":"https:\/\/sitios.ucsc.cl\/convenios\/como-postular-al-beneficio-jardin-infantil-de-2-a-4-anos\/","og_locale":"es_ES","og_type":"article","og_title":"\u00bfC\u00f3mo postular al beneficio jard\u00edn infantil de 2 a 4 a\u00f1os? - Beneficios institucionales","og_description":">> Informate como comenzar Ingrese a la secci\u00f3n &#8220;Direcci\u00f3n de Gesti\u00f3n Personal&#8221; =&gt; &#8220;Beneficio&#8221; =&gt; &#8220;Ingreso&#8221; seleccione en grupo beneficios &#8220;5-. Protecci\u00f3n a la maternidad&#8221; y luego en tipo de beneficio &#8220;Jardin infantil de 2 a 4 a\u00f1os&#8221; &nbsp; Ingrese los datos solicitados y adjunte la documentaci\u00f3n que se solicita","og_url":"https:\/\/sitios.ucsc.cl\/convenios\/como-postular-al-beneficio-jardin-infantil-de-2-a-4-anos\/","og_site_name":"Beneficios institucionales","article_modified_time":"2020-01-29T17:29:06+00:00","twitter_card":"summary","schema":{"@context":"https:\/\/schema.org","@graph":[{"@type":"WebSite","@id":"https:\/\/sitios.ucsc.cl\/convenios\/#website","url":"https:\/\/sitios.ucsc.cl\/convenios\/","name":"Beneficios institucionales","description":"","potentialAction":[{"@type":"SearchAction","target":{"@type":"EntryPoint","urlTemplate":"https:\/\/sitios.ucsc.cl\/convenios\/?s={search_term_string}"},"query-input":"required name=search_term_string"}],"inLanguage":"es"},{"@type":"WebPage","@id":"https:\/\/sitios.ucsc.cl\/convenios\/como-postular-al-beneficio-jardin-infantil-de-2-a-4-anos\/#webpage","url":"https:\/\/sitios.ucsc.cl\/convenios\/como-postular-al-beneficio-jardin-infantil-de-2-a-4-anos\/","name":"\u00bfC\u00f3mo postular al beneficio jard\u00edn infantil de 2 a 4 a\u00f1os? - Beneficios institucionales","isPartOf":{"@id":"https:\/\/sitios.ucsc.cl\/convenios\/#website"},"datePublished":"2020-01-29T14:26:56+00:00","dateModified":"2020-01-29T17:29:06+00:00","breadcrumb":{"@id":"https:\/\/sitios.ucsc.cl\/convenios\/como-postular-al-beneficio-jardin-infantil-de-2-a-4-anos\/#breadcrumb"},"inLanguage":"es","potentialAction":[{"@type":"ReadAction","target":["https:\/\/sitios.ucsc.cl\/convenios\/como-postular-al-beneficio-jardin-infantil-de-2-a-4-anos\/"]}]},{"@type":"BreadcrumbList","@id":"https:\/\/sitios.ucsc.cl\/convenios\/como-postular-al-beneficio-jardin-infantil-de-2-a-4-anos\/#breadcrumb","itemListElement":[{"@type":"ListItem","position":1,"name":"Inicio","item":"https:\/\/sitios.ucsc.cl\/convenios\/"},{"@type":"ListItem","position":2,"name":"\u00bfC\u00f3mo postular al beneficio jard\u00edn infantil de 2 a 4 a\u00f1os?"}]}]}},"_links":{"self":[{"href":"https:\/\/sitios.ucsc.cl\/convenios\/wp-json\/wp\/v2\/pages\/69"}],"collection":[{"href":"https:\/\/sitios.ucsc.cl\/convenios\/wp-json\/wp\/v2\/pages"}],"about":[{"href":"https:\/\/sitios.ucsc.cl\/convenios\/wp-json\/wp\/v2\/types\/page"}],"author":[{"embeddable":true,"href":"https:\/\/sitios.ucsc.cl\/convenios\/wp-json\/wp\/v2\/users\/20"}],"replies":[{"embeddable":true,"href":"https:\/\/sitios.ucsc.cl\/convenios\/wp-json\/wp\/v2\/comments?post=69"}],"version-history":[{"count":6,"href":"https:\/\/sitios.ucsc.cl\/convenios\/wp-json\/wp\/v2\/pages\/69\/revisions"}],"predecessor-version":[{"id":119,"href":"https:\/\/sitios.ucsc.cl\/convenios\/wp-json\/wp\/v2\/pages\/69\/revisions\/119"}],"wp:attachment":[{"href":"https:\/\/sitios.ucsc.cl\/convenios\/wp-json\/wp\/v2\/media?parent=69"}],"curies":[{"name":"wp","href":"https:\/\/api.w.org\/{rel}","templated":true}]}}