{"id":120,"date":"2020-01-29T14:57:20","date_gmt":"2020-01-29T17:57:20","guid":{"rendered":"http:\/\/sitios.ucsc.cl\/convenios\/?page_id=120"},"modified":"2020-01-29T16:10:25","modified_gmt":"2020-01-29T19:10:25","slug":"como-solicitar-el-beneficio-prestamo","status":"publish","type":"page","link":"https:\/\/sitios.ucsc.cl\/convenios\/beneficios\/como-solicitar-el-beneficio-prestamo\/","title":{"rendered":"\u00bfC\u00f3mo solicitar el beneficio pr\u00e9stamo?"},"content":{"rendered":"<h3><a href=\"http:\/\/sitios.ucsc.cl\/convenios\/como-comenzar\/\">&gt;&gt; Informate como comenzar<\/a><\/h3>\n<p>Ingrese a la secci\u00f3n \u201cDirecci\u00f3n de Gesti\u00f3n Personal\u201d =&gt; \u201cBeneficios\u201d =&gt; \u201cIngreso\u201d seleccione en grupo beneficios \u201c3-. Pr\u00e9stamos\u201d.<\/p>\n<div class=\"almedio\"><img loading=\"lazy\" class=\"alignnone size-full wp-image-125\" src=\"http:\/\/sitios.ucsc.cl\/convenios\/wp-content\/uploads\/sites\/114\/2020\/01\/prestamos.jpg\" alt=\"\" width=\"1920\" height=\"620\" srcset=\"https:\/\/sitios.ucsc.cl\/convenios\/wp-content\/uploads\/sites\/114\/2020\/01\/prestamos.jpg 1920w, https:\/\/sitios.ucsc.cl\/convenios\/wp-content\/uploads\/sites\/114\/2020\/01\/prestamos-300x97.jpg 300w, https:\/\/sitios.ucsc.cl\/convenios\/wp-content\/uploads\/sites\/114\/2020\/01\/prestamos-768x248.jpg 768w, https:\/\/sitios.ucsc.cl\/convenios\/wp-content\/uploads\/sites\/114\/2020\/01\/prestamos-1024x331.jpg 1024w, https:\/\/sitios.ucsc.cl\/convenios\/wp-content\/uploads\/sites\/114\/2020\/01\/prestamos-200x65.jpg 200w\" sizes=\"(max-width: 1920px) 100vw, 1920px\" \/><\/div>\n<p>&nbsp;<\/p>\n<p><strong>Pr\u00e9stamos que puede solicitar y documentaci\u00f3n que debe adjuntar<\/strong><\/p>\n<ul>\n<li><strong>Vivienda<\/strong>: Debe adjuntar cotizaci\u00f3n.<\/li>\n<li><strong>Salud<\/strong>: Debe adjuntar gastos m\u00e9dicos, Debe adjuntar informe de enfermedad.<\/li>\n<li><strong>Recuperaci\u00f3n de subsidio<\/strong>: Debe adjuntar la apelaci\u00f3n del rechazo de licencia m\u00e9dica.<\/li>\n<li><strong>Deuda universitaria (Fondo Solidario)<\/strong>: Debe adjuntar deuda.<\/li>\n<\/ul>\n","protected":false},"excerpt":{"rendered":"<p>&gt;&gt; Informate como comenzar Ingrese a la secci\u00f3n \u201cDirecci\u00f3n de Gesti\u00f3n Personal\u201d =&gt; \u201cBeneficios\u201d =&gt; \u201cIngreso\u201d seleccione en grupo beneficios \u201c3-. Pr\u00e9stamos\u201d. &nbsp; Pr\u00e9stamos que puede solicitar y documentaci\u00f3n que debe adjuntar Vivienda: Debe adjuntar cotizaci\u00f3n. Salud: Debe adjuntar gastos m\u00e9dicos, Debe adjuntar informe de enfermedad. Recuperaci\u00f3n de subsidio: Debe adjuntar la apelaci\u00f3n del rechazo [&hellip;]<\/p>\n","protected":false},"author":20,"featured_media":0,"parent":161,"menu_order":0,"comment_status":"closed","ping_status":"closed","template":"","meta":[],"yoast_head":"<!-- This site is optimized with the Yoast SEO plugin v18.9 - https:\/\/yoast.com\/wordpress\/plugins\/seo\/ -->\n<title>\u00bfC\u00f3mo solicitar el beneficio pr\u00e9stamo? - Beneficios institucionales<\/title>\n<meta name=\"robots\" content=\"index, follow, max-snippet:-1, max-image-preview:large, max-video-preview:-1\" \/>\n<link rel=\"canonical\" href=\"https:\/\/sitios.ucsc.cl\/convenios\/beneficios\/como-solicitar-el-beneficio-prestamo\/\" \/>\n<meta property=\"og:locale\" content=\"es_ES\" \/>\n<meta property=\"og:type\" content=\"article\" \/>\n<meta property=\"og:title\" content=\"\u00bfC\u00f3mo solicitar el beneficio pr\u00e9stamo? - Beneficios institucionales\" \/>\n<meta property=\"og:description\" content=\"&gt;&gt; Informate como comenzar Ingrese a la secci\u00f3n \u201cDirecci\u00f3n de Gesti\u00f3n Personal\u201d =&gt; \u201cBeneficios\u201d =&gt; \u201cIngreso\u201d seleccione en grupo beneficios \u201c3-. Pr\u00e9stamos\u201d. &nbsp; Pr\u00e9stamos que puede solicitar y documentaci\u00f3n que debe adjuntar Vivienda: Debe adjuntar cotizaci\u00f3n. Salud: Debe adjuntar gastos m\u00e9dicos, Debe adjuntar informe de enfermedad. Recuperaci\u00f3n de subsidio: Debe adjuntar la apelaci\u00f3n del rechazo [&hellip;]\" \/>\n<meta property=\"og:url\" content=\"https:\/\/sitios.ucsc.cl\/convenios\/beneficios\/como-solicitar-el-beneficio-prestamo\/\" \/>\n<meta property=\"og:site_name\" content=\"Beneficios institucionales\" \/>\n<meta property=\"article:modified_time\" content=\"2020-01-29T19:10:25+00:00\" \/>\n<meta property=\"og:image\" content=\"http:\/\/sitios.ucsc.cl\/convenios\/wp-content\/uploads\/sites\/114\/2020\/01\/prestamos.jpg\" \/>\n<meta name=\"twitter:card\" content=\"summary\" \/>\n<script type=\"application\/ld+json\" class=\"yoast-schema-graph\">{\"@context\":\"https:\/\/schema.org\",\"@graph\":[{\"@type\":\"WebSite\",\"@id\":\"https:\/\/sitios.ucsc.cl\/convenios\/#website\",\"url\":\"https:\/\/sitios.ucsc.cl\/convenios\/\",\"name\":\"Beneficios institucionales\",\"description\":\"\",\"potentialAction\":[{\"@type\":\"SearchAction\",\"target\":{\"@type\":\"EntryPoint\",\"urlTemplate\":\"https:\/\/sitios.ucsc.cl\/convenios\/?s={search_term_string}\"},\"query-input\":\"required name=search_term_string\"}],\"inLanguage\":\"es\"},{\"@type\":\"ImageObject\",\"inLanguage\":\"es\",\"@id\":\"https:\/\/sitios.ucsc.cl\/convenios\/beneficios\/como-solicitar-el-beneficio-prestamo\/#primaryimage\",\"url\":\"https:\/\/sitios.ucsc.cl\/convenios\/wp-content\/uploads\/sites\/114\/2020\/01\/prestamos.jpg\",\"contentUrl\":\"https:\/\/sitios.ucsc.cl\/convenios\/wp-content\/uploads\/sites\/114\/2020\/01\/prestamos.jpg\",\"width\":1920,\"height\":620},{\"@type\":\"WebPage\",\"@id\":\"https:\/\/sitios.ucsc.cl\/convenios\/beneficios\/como-solicitar-el-beneficio-prestamo\/#webpage\",\"url\":\"https:\/\/sitios.ucsc.cl\/convenios\/beneficios\/como-solicitar-el-beneficio-prestamo\/\",\"name\":\"\u00bfC\u00f3mo solicitar el beneficio pr\u00e9stamo? - Beneficios institucionales\",\"isPartOf\":{\"@id\":\"https:\/\/sitios.ucsc.cl\/convenios\/#website\"},\"primaryImageOfPage\":{\"@id\":\"https:\/\/sitios.ucsc.cl\/convenios\/beneficios\/como-solicitar-el-beneficio-prestamo\/#primaryimage\"},\"datePublished\":\"2020-01-29T17:57:20+00:00\",\"dateModified\":\"2020-01-29T19:10:25+00:00\",\"breadcrumb\":{\"@id\":\"https:\/\/sitios.ucsc.cl\/convenios\/beneficios\/como-solicitar-el-beneficio-prestamo\/#breadcrumb\"},\"inLanguage\":\"es\",\"potentialAction\":[{\"@type\":\"ReadAction\",\"target\":[\"https:\/\/sitios.ucsc.cl\/convenios\/beneficios\/como-solicitar-el-beneficio-prestamo\/\"]}]},{\"@type\":\"BreadcrumbList\",\"@id\":\"https:\/\/sitios.ucsc.cl\/convenios\/beneficios\/como-solicitar-el-beneficio-prestamo\/#breadcrumb\",\"itemListElement\":[{\"@type\":\"ListItem\",\"position\":1,\"name\":\"Inicio\",\"item\":\"https:\/\/sitios.ucsc.cl\/convenios\/\"},{\"@type\":\"ListItem\",\"position\":2,\"name\":\"Beneficios\",\"item\":\"https:\/\/sitios.ucsc.cl\/convenios\/beneficios\/\"},{\"@type\":\"ListItem\",\"position\":3,\"name\":\"\u00bfC\u00f3mo solicitar el beneficio pr\u00e9stamo?\"}]}]}<\/script>\n<!-- \/ Yoast SEO plugin. -->","yoast_head_json":{"title":"\u00bfC\u00f3mo solicitar el beneficio pr\u00e9stamo? - Beneficios institucionales","robots":{"index":"index","follow":"follow","max-snippet":"max-snippet:-1","max-image-preview":"max-image-preview:large","max-video-preview":"max-video-preview:-1"},"canonical":"https:\/\/sitios.ucsc.cl\/convenios\/beneficios\/como-solicitar-el-beneficio-prestamo\/","og_locale":"es_ES","og_type":"article","og_title":"\u00bfC\u00f3mo solicitar el beneficio pr\u00e9stamo? - Beneficios institucionales","og_description":"&gt;&gt; Informate como comenzar Ingrese a la secci\u00f3n \u201cDirecci\u00f3n de Gesti\u00f3n Personal\u201d =&gt; \u201cBeneficios\u201d =&gt; \u201cIngreso\u201d seleccione en grupo beneficios \u201c3-. Pr\u00e9stamos\u201d. &nbsp; Pr\u00e9stamos que puede solicitar y documentaci\u00f3n que debe adjuntar Vivienda: Debe adjuntar cotizaci\u00f3n. Salud: Debe adjuntar gastos m\u00e9dicos, Debe adjuntar informe de enfermedad. Recuperaci\u00f3n de subsidio: Debe adjuntar la apelaci\u00f3n del rechazo [&hellip;]","og_url":"https:\/\/sitios.ucsc.cl\/convenios\/beneficios\/como-solicitar-el-beneficio-prestamo\/","og_site_name":"Beneficios institucionales","article_modified_time":"2020-01-29T19:10:25+00:00","og_image":[{"url":"http:\/\/sitios.ucsc.cl\/convenios\/wp-content\/uploads\/sites\/114\/2020\/01\/prestamos.jpg"}],"twitter_card":"summary","schema":{"@context":"https:\/\/schema.org","@graph":[{"@type":"WebSite","@id":"https:\/\/sitios.ucsc.cl\/convenios\/#website","url":"https:\/\/sitios.ucsc.cl\/convenios\/","name":"Beneficios institucionales","description":"","potentialAction":[{"@type":"SearchAction","target":{"@type":"EntryPoint","urlTemplate":"https:\/\/sitios.ucsc.cl\/convenios\/?s={search_term_string}"},"query-input":"required name=search_term_string"}],"inLanguage":"es"},{"@type":"ImageObject","inLanguage":"es","@id":"https:\/\/sitios.ucsc.cl\/convenios\/beneficios\/como-solicitar-el-beneficio-prestamo\/#primaryimage","url":"https:\/\/sitios.ucsc.cl\/convenios\/wp-content\/uploads\/sites\/114\/2020\/01\/prestamos.jpg","contentUrl":"https:\/\/sitios.ucsc.cl\/convenios\/wp-content\/uploads\/sites\/114\/2020\/01\/prestamos.jpg","width":1920,"height":620},{"@type":"WebPage","@id":"https:\/\/sitios.ucsc.cl\/convenios\/beneficios\/como-solicitar-el-beneficio-prestamo\/#webpage","url":"https:\/\/sitios.ucsc.cl\/convenios\/beneficios\/como-solicitar-el-beneficio-prestamo\/","name":"\u00bfC\u00f3mo solicitar el beneficio pr\u00e9stamo? - Beneficios institucionales","isPartOf":{"@id":"https:\/\/sitios.ucsc.cl\/convenios\/#website"},"primaryImageOfPage":{"@id":"https:\/\/sitios.ucsc.cl\/convenios\/beneficios\/como-solicitar-el-beneficio-prestamo\/#primaryimage"},"datePublished":"2020-01-29T17:57:20+00:00","dateModified":"2020-01-29T19:10:25+00:00","breadcrumb":{"@id":"https:\/\/sitios.ucsc.cl\/convenios\/beneficios\/como-solicitar-el-beneficio-prestamo\/#breadcrumb"},"inLanguage":"es","potentialAction":[{"@type":"ReadAction","target":["https:\/\/sitios.ucsc.cl\/convenios\/beneficios\/como-solicitar-el-beneficio-prestamo\/"]}]},{"@type":"BreadcrumbList","@id":"https:\/\/sitios.ucsc.cl\/convenios\/beneficios\/como-solicitar-el-beneficio-prestamo\/#breadcrumb","itemListElement":[{"@type":"ListItem","position":1,"name":"Inicio","item":"https:\/\/sitios.ucsc.cl\/convenios\/"},{"@type":"ListItem","position":2,"name":"Beneficios","item":"https:\/\/sitios.ucsc.cl\/convenios\/beneficios\/"},{"@type":"ListItem","position":3,"name":"\u00bfC\u00f3mo solicitar el beneficio pr\u00e9stamo?"}]}]}},"_links":{"self":[{"href":"https:\/\/sitios.ucsc.cl\/convenios\/wp-json\/wp\/v2\/pages\/120"}],"collection":[{"href":"https:\/\/sitios.ucsc.cl\/convenios\/wp-json\/wp\/v2\/pages"}],"about":[{"href":"https:\/\/sitios.ucsc.cl\/convenios\/wp-json\/wp\/v2\/types\/page"}],"author":[{"embeddable":true,"href":"https:\/\/sitios.ucsc.cl\/convenios\/wp-json\/wp\/v2\/users\/20"}],"replies":[{"embeddable":true,"href":"https:\/\/sitios.ucsc.cl\/convenios\/wp-json\/wp\/v2\/comments?post=120"}],"version-history":[{"count":10,"href":"https:\/\/sitios.ucsc.cl\/convenios\/wp-json\/wp\/v2\/pages\/120\/revisions"}],"predecessor-version":[{"id":157,"href":"https:\/\/sitios.ucsc.cl\/convenios\/wp-json\/wp\/v2\/pages\/120\/revisions\/157"}],"up":[{"embeddable":true,"href":"https:\/\/sitios.ucsc.cl\/convenios\/wp-json\/wp\/v2\/pages\/161"}],"wp:attachment":[{"href":"https:\/\/sitios.ucsc.cl\/convenios\/wp-json\/wp\/v2\/media?parent=120"}],"curies":[{"name":"wp","href":"https:\/\/api.w.org\/{rel}","templated":true}]}}